{"id":18015,"date":"2025-07-14T20:49:55","date_gmt":"2025-07-14T18:49:55","guid":{"rendered":"https:\/\/concept-sport.com\/?post_type=product&#038;p=18015"},"modified":"2025-07-14T20:49:56","modified_gmt":"2025-07-14T18:49:56","slug":"rameur-de-fitness-a-air-half-human-ecran-lcd-8-programmes-maison-appartement","status":"publish","type":"product","link":"https:\/\/concept-sport.com\/index.php\/produit\/rameur-de-fitness-a-air-half-human-ecran-lcd-8-programmes-maison-appartement\/","title":{"rendered":"Rameur de fitness \u00e0 Air &#8211; Half Human &#8211; \u00c9cran LCD 8 programmes &#8211; Maison\/Appartement"},"content":{"rendered":"<div class=\"f-productProperties__col\">\n<dl class=\"f-productProperties__item\">\n<dt class=\"f-productProperties__term\">Mati\u00e8re<\/dt>\n<dd class=\"f-productProperties__definition\" aria-label=\"Liste des Mati\u00e8re\">Acier<\/dd>\n<\/dl>\n<dl class=\"f-productProperties__item\">\n<dt class=\"f-productProperties__term\">Couleur<\/dt>\n<dd class=\"f-productProperties__definition\" aria-label=\"Liste des Couleur\">Noir<\/dd>\n<\/dl>\n<dl class=\"f-productProperties__item\">\n<dt class=\"f-productProperties__term\">Pays de fabrication<\/dt>\n<dd class=\"f-productProperties__definition\" aria-label=\"Liste des Pays de fabrication\">Chine<\/dd>\n<\/dl>\n<dl class=\"f-productProperties__item\">\n<dt class=\"f-productProperties__term\">Accessoires fournis<\/dt>\n<dd class=\"f-productProperties__definition\" aria-label=\"Liste des Accessoires fournis\">&#8211; Le produit<\/dd>\n<\/dl>\n<dl class=\"f-productProperties__item\">\n<dt class=\"f-productProperties__term\">Garantie constructeur<\/dt>\n<dd class=\"f-productProperties__definition\" aria-label=\"Liste des Garantie constructeur\">Oui<\/dd>\n<\/dl>\n<dl class=\"f-productProperties__item\">\n<dt class=\"f-productProperties__term\">Longueur du produit<\/dt>\n<dd class=\"f-productProperties__definition\" aria-label=\"Liste des Longueur du produit\">240,00 cm<\/dd>\n<\/dl>\n<dl class=\"f-productProperties__item\">\n<dt class=\"f-productProperties__term\">Largeur du produit<\/dt>\n<dd class=\"f-productProperties__definition\" aria-label=\"Liste des Largeur du produit\">64,00 cm<\/dd>\n<\/dl>\n<\/div>\n<div class=\"f-productProperties__col\">\n<dl class=\"f-productProperties__item\">\n<dt class=\"f-productProperties__term\">Hauteur du produit<\/dt>\n<dd class=\"f-productProperties__definition\" aria-label=\"Liste des Hauteur du produit\">120,00 cm<\/dd>\n<\/dl>\n<dl class=\"f-productProperties__item\">\n<dt class=\"f-productProperties__term\">Poids du produit<\/dt>\n<dd class=\"f-productProperties__definition\" aria-label=\"Liste des Poids du produit\">40,00 Kg<\/dd>\n<\/dl>\n<dl class=\"f-productProperties__item\">\n<dt class=\"f-productProperties__term\">Point fort 1<\/dt>\n<dd class=\"f-productProperties__definition\" aria-label=\"Liste des Point fort 1\">Travail complet de l&rsquo;ensemble du corps ( bras, jambes, dos, abdominaux )<\/dd>\n<\/dl>\n<dl class=\"f-productProperties__item\">\n<dt class=\"f-productProperties__term\">Point fort 2<\/dt>\n<dd class=\"f-productProperties__definition\" aria-label=\"Liste des Point fort 2\">Toutes les options modernes sont incluses<\/dd>\n<\/dl>\n<dl class=\"f-productProperties__item\">\n<dt class=\"f-productProperties__term\">Point fort 3<\/dt>\n<dd class=\"f-productProperties__definition\" aria-label=\"Liste des Point fort 3\">10 niveaux de r\u00e9sistance \u00e0 l&rsquo;air<\/dd>\n<\/dl>\n<dl class=\"f-productProperties__item\">\n<dt class=\"f-productProperties__term\">Point fort 4<\/dt>\n<dd class=\"f-productProperties__definition\" aria-label=\"Liste des Point fort 4\">8 programmes d&rsquo;entrainements<\/dd>\n<\/dl>\n<\/div>\n<p>&nbsp;<\/p>\n<section id=\"Opinions\" class=\"f-productLayerGrid__section js-productSection fa-strate-summary\" data-automation-id=\"opinions-layer-block\">\n<div class=\"f-productLayerGrid__col\">\n<div class=\"f-productLayer\">\n<div class=\"f-productLayer__body\">\n<div class=\"f-productLayer__container\" data-automation-id=\"EditorOpinionOrSummary-block\">\n<div class=\"js-Expander expander expander--hasIcon collapsed\" data-automation-button=\"expand-EditorOpinionOrSummary-button\" data-automation-content=\"expand-EditorOpinionOrSummary\">\n<div class=\"expander__content\" data-automation-id=\"expand-EditorOpinionOrSummary\" aria-expanded=\"true\">\n<div class=\"f-productDesc\">\n<div class=\"f-productDesc__raw\">\n<p data-sourcepos=\"11:1-11:60\"><strong>Le rameur \u00e0 Air Half Human : Lib\u00e9rez votre potentiel athl\u00e9tique !<br \/>\n<\/strong><\/p>\n<p data-sourcepos=\"13:1-13:251\">Vous cherchez un moyen efficace de sculpter votre corps et d&rsquo;am\u00e9liorer votre condition physique ? Le\u00a0<strong>rameur \u00e0 air Half Human<\/strong>\u00a0est la solution id\u00e9ale.<\/p>\n<p data-sourcepos=\"13:1-13:251\">Con\u00e7u pour une\u00a0<strong>utilisation intensive<\/strong>, il vous offre une exp\u00e9rience de rameur r\u00e9aliste et personnalis\u00e9e.<\/p>\n<p data-sourcepos=\"13:1-13:251\">Ses 8 programmes et 10 niveaux de r\u00e9sistances vous permettent de\u00a0<strong>personnaliser vos objectif<\/strong>s et d&rsquo;avoir un\u00a0<strong>suivi pr\u00e9cis de vos performances<\/strong>.<\/p>\n<p data-sourcepos=\"13:1-13:251\">Profitez du travail complet de l&rsquo;ensemble du corps ( bras, jambes, dos, abdominaux ) avec le\u00a0<strong>rameur \u00e0 air Half Human.<\/strong><\/p>\n<p data-sourcepos=\"13:1-13:251\"><strong>Toutes les options modernes<\/strong>\u00a0sont incluses : Connexion Bluetooth \/ App , roulettes de transport, support t\u00e9l\u00e9phone\/tablette, \u00e9cran LCD multifonction, et d&rsquo;autres encore.<\/p>\n<p data-sourcepos=\"13:1-13:251\"><img decoding=\"async\" class=\"alignnone\" src=\"https:\/\/gestion.sen-no-sen.fr\/wp-content\/uploads\/sfit-p-hh30008-01-3.jpg\" alt=\"width=833\" height=\"556\" \/><\/p>\n<p data-sourcepos=\"15:1-15:33\"><strong>Pourquoi choisir Half Human ?<\/strong><\/p>\n<ul data-sourcepos=\"17:1-22:0\">\n<li style=\"list-style-type: none;\">\n<ul data-sourcepos=\"17:1-22:0\">\n<li data-sourcepos=\"17:1-17:112\"><strong>Polyvalence :<\/strong>\u00a010 niveaux de r\u00e9sistance pour s&rsquo;adapter \u00e0 tous les niveaux, du d\u00e9butant au sportif confirm\u00e9.<\/li>\n<\/ul>\n<\/li>\n<\/ul>\n<ul data-sourcepos=\"17:1-22:0\">\n<li style=\"list-style-type: none;\">\n<ul data-sourcepos=\"17:1-22:0\">\n<li data-sourcepos=\"18:1-18:160\"><strong>Connectivit\u00e9 :<\/strong>\u00a0Suivez vos progr\u00e8s en temps r\u00e9el gr\u00e2ce \u00e0 l&rsquo;\u00e9cran LCD et connectez-vous \u00e0 vos applications pr\u00e9f\u00e9r\u00e9es pour des s\u00e9ances vari\u00e9es et motivantes.<\/li>\n<\/ul>\n<\/li>\n<\/ul>\n<ul data-sourcepos=\"17:1-22:0\">\n<li style=\"list-style-type: none;\">\n<ul data-sourcepos=\"17:1-22:0\">\n<li data-sourcepos=\"19:1-19:115\"><strong>Confort :<\/strong>\u00a0Si\u00e8ge large et rembourr\u00e9, repose-pieds r\u00e9glables pour un confort optimal pendant vos entra\u00eenements.<\/li>\n<\/ul>\n<\/li>\n<\/ul>\n<ul data-sourcepos=\"17:1-22:0\">\n<li style=\"list-style-type: none;\">\n<ul data-sourcepos=\"17:1-22:0\">\n<li data-sourcepos=\"20:1-20:85\"><strong>Robustesse :<\/strong>\u00a0Qualit\u00e9 professionnelle pour une utilisation durable et intensive.<\/li>\n<\/ul>\n<\/li>\n<\/ul>\n<ul data-sourcepos=\"17:1-22:0\">\n<li style=\"list-style-type: none;\">\n<ul data-sourcepos=\"17:1-22:0\">\n<li data-sourcepos=\"21:1-22:0\"><strong>R\u00e9sultats :<\/strong>\u00a0Am\u00e9liorez votre cardio, renforcez vos muscles et br\u00fblez des calories efficacement.<\/li>\n<\/ul>\n<\/li>\n<\/ul>\n<p data-sourcepos=\"23:1-23:47\"><strong>Les avantages de l&rsquo;entra\u00eenement au rameur :<\/strong><\/p>\n<ul data-sourcepos=\"25:1-29:0\">\n<li style=\"list-style-type: none;\">\n<ul data-sourcepos=\"25:1-29:0\">\n<li data-sourcepos=\"25:1-25:84\"><strong>Complet :<\/strong>\u00a0Fait travailler l&rsquo;ensemble du corps : bras, jambes, dos, abdominaux.<\/li>\n<\/ul>\n<\/li>\n<\/ul>\n<ul data-sourcepos=\"25:1-29:0\">\n<li style=\"list-style-type: none;\">\n<ul data-sourcepos=\"25:1-29:0\">\n<li data-sourcepos=\"26:1-26:85\"><strong>Faible impact :<\/strong>\u00a0Pr\u00e9serve vos articulations, id\u00e9al pour une r\u00e9cup\u00e9ration active.<\/li>\n<\/ul>\n<\/li>\n<\/ul>\n<ul data-sourcepos=\"25:1-29:0\">\n<li style=\"list-style-type: none;\">\n<ul data-sourcepos=\"25:1-29:0\">\n<li data-sourcepos=\"27:1-27:73\"><strong>Adaptable :<\/strong>\u00a0Personnalisez vos s\u00e9ances en fonction de vos objectifs.<\/li>\n<\/ul>\n<\/li>\n<\/ul>\n<ul data-sourcepos=\"25:1-29:0\">\n<li style=\"list-style-type: none;\">\n<ul data-sourcepos=\"25:1-29:0\">\n<li data-sourcepos=\"28:1-29:0\"><strong>Efficace :<\/strong>\u00a0Br\u00fble un maximum de calories en peu de temps.<\/li>\n<\/ul>\n<\/li>\n<\/ul>\n<p data-sourcepos=\"30:1-30:30\"><strong>Les fonctionnalit\u00e9s cl\u00e9s :<\/strong><\/p>\n<ul data-sourcepos=\"32:1-36:0\">\n<li style=\"list-style-type: none;\">\n<ul data-sourcepos=\"32:1-36:0\">\n<li data-sourcepos=\"32:1-32:102\"><strong>\u00c9cran LCD :<\/strong>\u00a0Suivez en temps r\u00e9el votre temps, distance, calories br\u00fbl\u00e9es, fr\u00e9quence cardiaque&#8230;<\/li>\n<\/ul>\n<\/li>\n<\/ul>\n<ul data-sourcepos=\"32:1-36:0\">\n<li style=\"list-style-type: none;\">\n<ul data-sourcepos=\"32:1-36:0\">\n<li data-sourcepos=\"33:1-33:87\"><strong>Programmes d&rsquo;entra\u00eenement int\u00e9gr\u00e9s :<\/strong>\u00a0Variez vos s\u00e9ances pour \u00e9viter la monotonie.<\/li>\n<\/ul>\n<\/li>\n<\/ul>\n<ul data-sourcepos=\"32:1-36:0\">\n<li style=\"list-style-type: none;\">\n<ul data-sourcepos=\"32:1-36:0\">\n<li data-sourcepos=\"34:1-34:89\"><strong>Connectivit\u00e9 Bluetooth :<\/strong>\u00a0Synchronisez votre rameur avec vos applications favorites.<\/li>\n<\/ul>\n<\/li>\n<\/ul>\n<ul data-sourcepos=\"32:1-36:0\">\n<li data-sourcepos=\"35:1-36:0\"><strong>Support pour tablette\/smartphone :<\/strong>\u00a0Suivez vos cours en ligne en tout<\/li>\n<\/ul>\n<\/div>\n<\/div>\n<\/div>\n<div class=\"expander__mask\"><\/div>\n<\/div>\n<\/div>\n<\/div>\n<\/div>\n<\/div>\n<\/section>\n<section id=\"CustomerReviews\" class=\"f-productLayerGrid__section js-productSection\" data-automation-id=\"customer-reviews-layerblock\">\n<div class=\"f-productLayer\">\n<header class=\"f-productLayer__header\">\n<div class=\"f-productLayer__container\"><\/div>\n<\/header>\n<\/div>\n<\/section>\n","protected":false},"excerpt":{"rendered":"<p>Mati\u00e8re Acier Couleur Noir Pays de fabrication Chine Accessoires fournis &#8211; Le produit Garantie constructeur Oui Longueur du produit 240,00<\/p>\n","protected":false},"featured_media":18018,"comment_status":"open","ping_status":"closed","template":"","meta":[],"product_brand":[],"product_cat":[79],"product_tag":[],"class_list":{"0":"post-18015","1":"product","2":"type-product","3":"status-publish","4":"has-post-thumbnail","6":"product_cat-rameur","8":"first","9":"instock","10":"sale","11":"taxable","12":"shipping-taxable","13":"purchasable","14":"product-type-simple"},"yoast_head":"<!-- This site is optimized with the Yoast SEO plugin v24.8.1 - https:\/\/yoast.com\/wordpress\/plugins\/seo\/ -->\n<title>Rameur de fitness \u00e0 Air - Half Human - \u00c9cran LCD 8 programmes - Maison\/Appartement - Concept Sport<\/title>\n<meta name=\"robots\" content=\"index, follow, max-snippet:-1, max-image-preview:large, max-video-preview:-1\" \/>\n<link rel=\"canonical\" href=\"https:\/\/concept-sport.com\/index.php\/produit\/rameur-de-fitness-a-air-half-human-ecran-lcd-8-programmes-maison-appartement\/\" \/>\n<meta property=\"og:locale\" content=\"fr_FR\" \/>\n<meta property=\"og:type\" content=\"article\" \/>\n<meta property=\"og:title\" content=\"Rameur de fitness \u00e0 Air - Half Human - \u00c9cran LCD 8 programmes - Maison\/Appartement - Concept Sport\" \/>\n<meta property=\"og:description\" content=\"Mati\u00e8re Acier Couleur Noir Pays de fabrication Chine Accessoires fournis &#8211; Le produit Garantie constructeur Oui Longueur du produit 240,00\" \/>\n<meta property=\"og:url\" content=\"https:\/\/concept-sport.com\/index.php\/produit\/rameur-de-fitness-a-air-half-human-ecran-lcd-8-programmes-maison-appartement\/\" \/>\n<meta property=\"og:site_name\" content=\"Concept Sport\" \/>\n<meta property=\"article:modified_time\" content=\"2025-07-14T18:49:56+00:00\" \/>\n<meta property=\"og:image\" content=\"https:\/\/concept-sport.com\/wp-content\/uploads\/2025\/07\/27416828-1505-3756-1.jpg\" \/>\n\t<meta property=\"og:image:width\" content=\"2000\" \/>\n\t<meta property=\"og:image:height\" content=\"2000\" \/>\n\t<meta property=\"og:image:type\" content=\"image\/jpeg\" \/>\n<meta name=\"twitter:card\" content=\"summary_large_image\" \/>\n<meta name=\"twitter:label1\" content=\"Dur\u00e9e de lecture estim\u00e9e\" \/>\n\t<meta name=\"twitter:data1\" content=\"3 minutes\" \/>\n<script type=\"application\/ld+json\" class=\"yoast-schema-graph\">{\"@context\":\"https:\/\/schema.org\",\"@graph\":[{\"@type\":\"WebPage\",\"@id\":\"https:\/\/concept-sport.com\/index.php\/produit\/rameur-de-fitness-a-air-half-human-ecran-lcd-8-programmes-maison-appartement\/\",\"url\":\"https:\/\/concept-sport.com\/index.php\/produit\/rameur-de-fitness-a-air-half-human-ecran-lcd-8-programmes-maison-appartement\/\",\"name\":\"Rameur de fitness \u00e0 Air - Half Human - \u00c9cran LCD 8 programmes - Maison\/Appartement - Concept Sport\",\"isPartOf\":{\"@id\":\"https:\/\/concept-sport.com\/#website\"},\"primaryImageOfPage\":{\"@id\":\"https:\/\/concept-sport.com\/index.php\/produit\/rameur-de-fitness-a-air-half-human-ecran-lcd-8-programmes-maison-appartement\/#primaryimage\"},\"image\":{\"@id\":\"https:\/\/concept-sport.com\/index.php\/produit\/rameur-de-fitness-a-air-half-human-ecran-lcd-8-programmes-maison-appartement\/#primaryimage\"},\"thumbnailUrl\":\"https:\/\/concept-sport.com\/wp-content\/uploads\/2025\/07\/27416828-1505-3756-1.jpg\",\"datePublished\":\"2025-07-14T18:49:55+00:00\",\"dateModified\":\"2025-07-14T18:49:56+00:00\",\"breadcrumb\":{\"@id\":\"https:\/\/concept-sport.com\/index.php\/produit\/rameur-de-fitness-a-air-half-human-ecran-lcd-8-programmes-maison-appartement\/#breadcrumb\"},\"inLanguage\":\"fr-FR\",\"potentialAction\":[{\"@type\":\"ReadAction\",\"target\":[\"https:\/\/concept-sport.com\/index.php\/produit\/rameur-de-fitness-a-air-half-human-ecran-lcd-8-programmes-maison-appartement\/\"]}]},{\"@type\":\"ImageObject\",\"inLanguage\":\"fr-FR\",\"@id\":\"https:\/\/concept-sport.com\/index.php\/produit\/rameur-de-fitness-a-air-half-human-ecran-lcd-8-programmes-maison-appartement\/#primaryimage\",\"url\":\"https:\/\/concept-sport.com\/wp-content\/uploads\/2025\/07\/27416828-1505-3756-1.jpg\",\"contentUrl\":\"https:\/\/concept-sport.com\/wp-content\/uploads\/2025\/07\/27416828-1505-3756-1.jpg\",\"width\":2000,\"height\":2000},{\"@type\":\"BreadcrumbList\",\"@id\":\"https:\/\/concept-sport.com\/index.php\/produit\/rameur-de-fitness-a-air-half-human-ecran-lcd-8-programmes-maison-appartement\/#breadcrumb\",\"itemListElement\":[{\"@type\":\"ListItem\",\"position\":1,\"name\":\"Accueil\",\"item\":\"https:\/\/concept-sport.com\/\"},{\"@type\":\"ListItem\",\"position\":2,\"name\":\"Boutique\",\"item\":\"https:\/\/concept-sport.com\/index.php\/boutique\/\"},{\"@type\":\"ListItem\",\"position\":3,\"name\":\"Rameur de fitness \u00e0 Air &#8211; Half Human &#8211; \u00c9cran LCD 8 programmes &#8211; Maison\/Appartement\"}]},{\"@type\":\"WebSite\",\"@id\":\"https:\/\/concept-sport.com\/#website\",\"url\":\"https:\/\/concept-sport.com\/\",\"name\":\"Concept Sport\",\"description\":\"Mat\u00e9riel de sport &amp; \u00e9quipement sportif\",\"potentialAction\":[{\"@type\":\"SearchAction\",\"target\":{\"@type\":\"EntryPoint\",\"urlTemplate\":\"https:\/\/concept-sport.com\/?s={search_term_string}\"},\"query-input\":{\"@type\":\"PropertyValueSpecification\",\"valueRequired\":true,\"valueName\":\"search_term_string\"}}],\"inLanguage\":\"fr-FR\"}]}<\/script>\n<!-- \/ Yoast SEO plugin. -->","yoast_head_json":{"title":"Rameur de fitness \u00e0 Air - Half Human - \u00c9cran LCD 8 programmes - Maison\/Appartement - Concept Sport","robots":{"index":"index","follow":"follow","max-snippet":"max-snippet:-1","max-image-preview":"max-image-preview:large","max-video-preview":"max-video-preview:-1"},"canonical":"https:\/\/concept-sport.com\/index.php\/produit\/rameur-de-fitness-a-air-half-human-ecran-lcd-8-programmes-maison-appartement\/","og_locale":"fr_FR","og_type":"article","og_title":"Rameur de fitness \u00e0 Air - Half Human - \u00c9cran LCD 8 programmes - Maison\/Appartement - Concept Sport","og_description":"Mati\u00e8re Acier Couleur Noir Pays de fabrication Chine Accessoires fournis &#8211; Le produit Garantie constructeur Oui Longueur du produit 240,00","og_url":"https:\/\/concept-sport.com\/index.php\/produit\/rameur-de-fitness-a-air-half-human-ecran-lcd-8-programmes-maison-appartement\/","og_site_name":"Concept Sport","article_modified_time":"2025-07-14T18:49:56+00:00","og_image":[{"width":2000,"height":2000,"url":"https:\/\/concept-sport.com\/wp-content\/uploads\/2025\/07\/27416828-1505-3756-1.jpg","type":"image\/jpeg"}],"twitter_card":"summary_large_image","twitter_misc":{"Dur\u00e9e de lecture estim\u00e9e":"3 minutes"},"schema":{"@context":"https:\/\/schema.org","@graph":[{"@type":"WebPage","@id":"https:\/\/concept-sport.com\/index.php\/produit\/rameur-de-fitness-a-air-half-human-ecran-lcd-8-programmes-maison-appartement\/","url":"https:\/\/concept-sport.com\/index.php\/produit\/rameur-de-fitness-a-air-half-human-ecran-lcd-8-programmes-maison-appartement\/","name":"Rameur de fitness \u00e0 Air - Half Human - \u00c9cran LCD 8 programmes - Maison\/Appartement - Concept Sport","isPartOf":{"@id":"https:\/\/concept-sport.com\/#website"},"primaryImageOfPage":{"@id":"https:\/\/concept-sport.com\/index.php\/produit\/rameur-de-fitness-a-air-half-human-ecran-lcd-8-programmes-maison-appartement\/#primaryimage"},"image":{"@id":"https:\/\/concept-sport.com\/index.php\/produit\/rameur-de-fitness-a-air-half-human-ecran-lcd-8-programmes-maison-appartement\/#primaryimage"},"thumbnailUrl":"https:\/\/concept-sport.com\/wp-content\/uploads\/2025\/07\/27416828-1505-3756-1.jpg","datePublished":"2025-07-14T18:49:55+00:00","dateModified":"2025-07-14T18:49:56+00:00","breadcrumb":{"@id":"https:\/\/concept-sport.com\/index.php\/produit\/rameur-de-fitness-a-air-half-human-ecran-lcd-8-programmes-maison-appartement\/#breadcrumb"},"inLanguage":"fr-FR","potentialAction":[{"@type":"ReadAction","target":["https:\/\/concept-sport.com\/index.php\/produit\/rameur-de-fitness-a-air-half-human-ecran-lcd-8-programmes-maison-appartement\/"]}]},{"@type":"ImageObject","inLanguage":"fr-FR","@id":"https:\/\/concept-sport.com\/index.php\/produit\/rameur-de-fitness-a-air-half-human-ecran-lcd-8-programmes-maison-appartement\/#primaryimage","url":"https:\/\/concept-sport.com\/wp-content\/uploads\/2025\/07\/27416828-1505-3756-1.jpg","contentUrl":"https:\/\/concept-sport.com\/wp-content\/uploads\/2025\/07\/27416828-1505-3756-1.jpg","width":2000,"height":2000},{"@type":"BreadcrumbList","@id":"https:\/\/concept-sport.com\/index.php\/produit\/rameur-de-fitness-a-air-half-human-ecran-lcd-8-programmes-maison-appartement\/#breadcrumb","itemListElement":[{"@type":"ListItem","position":1,"name":"Accueil","item":"https:\/\/concept-sport.com\/"},{"@type":"ListItem","position":2,"name":"Boutique","item":"https:\/\/concept-sport.com\/index.php\/boutique\/"},{"@type":"ListItem","position":3,"name":"Rameur de fitness \u00e0 Air &#8211; Half Human &#8211; \u00c9cran LCD 8 programmes &#8211; Maison\/Appartement"}]},{"@type":"WebSite","@id":"https:\/\/concept-sport.com\/#website","url":"https:\/\/concept-sport.com\/","name":"Concept Sport","description":"Mat\u00e9riel de sport &amp; \u00e9quipement sportif","potentialAction":[{"@type":"SearchAction","target":{"@type":"EntryPoint","urlTemplate":"https:\/\/concept-sport.com\/?s={search_term_string}"},"query-input":{"@type":"PropertyValueSpecification","valueRequired":true,"valueName":"search_term_string"}}],"inLanguage":"fr-FR"}]}},"_links":{"self":[{"href":"https:\/\/concept-sport.com\/index.php\/wp-json\/wp\/v2\/product\/18015","targetHints":{"allow":["GET"]}}],"collection":[{"href":"https:\/\/concept-sport.com\/index.php\/wp-json\/wp\/v2\/product"}],"about":[{"href":"https:\/\/concept-sport.com\/index.php\/wp-json\/wp\/v2\/types\/product"}],"replies":[{"embeddable":true,"href":"https:\/\/concept-sport.com\/index.php\/wp-json\/wp\/v2\/comments?post=18015"}],"version-history":[{"count":1,"href":"https:\/\/concept-sport.com\/index.php\/wp-json\/wp\/v2\/product\/18015\/revisions"}],"predecessor-version":[{"id":18019,"href":"https:\/\/concept-sport.com\/index.php\/wp-json\/wp\/v2\/product\/18015\/revisions\/18019"}],"wp:featuredmedia":[{"embeddable":true,"href":"https:\/\/concept-sport.com\/index.php\/wp-json\/wp\/v2\/media\/18018"}],"wp:attachment":[{"href":"https:\/\/concept-sport.com\/index.php\/wp-json\/wp\/v2\/media?parent=18015"}],"wp:term":[{"taxonomy":"product_brand","embeddable":true,"href":"https:\/\/concept-sport.com\/index.php\/wp-json\/wp\/v2\/product_brand?post=18015"},{"taxonomy":"product_cat","embeddable":true,"href":"https:\/\/concept-sport.com\/index.php\/wp-json\/wp\/v2\/product_cat?post=18015"},{"taxonomy":"product_tag","embeddable":true,"href":"https:\/\/concept-sport.com\/index.php\/wp-json\/wp\/v2\/product_tag?post=18015"}],"curies":[{"name":"wp","href":"https:\/\/api.w.org\/{rel}","templated":true}]}}