{"id":18010,"date":"2025-07-14T20:33:20","date_gmt":"2025-07-14T18:33:20","guid":{"rendered":"https:\/\/concept-sport.com\/?post_type=product&#038;p=18010"},"modified":"2025-07-14T20:33:20","modified_gmt":"2025-07-14T18:33:20","slug":"rameur-a-air-de-fitness-modele-smart-rower-echelon-maison-appartement","status":"publish","type":"product","link":"https:\/\/concept-sport.com\/index.php\/produit\/rameur-a-air-de-fitness-modele-smart-rower-echelon-maison-appartement\/","title":{"rendered":"Rameur \u00e0 Air de fitness &#8211; Mod\u00e8le SMART ROWER &#8211; ECHELON &#8211; Maison\/Appartement"},"content":{"rendered":"<h4><strong>Rameur Smart Row Echelon Fitness : votre salle de sport \u00e0 domicile<\/strong><\/h4>\n<p><strong>D\u00e9couvrez un entra\u00eenement complet et personnalis\u00e9 avec le rameur connect\u00e9 Smart Rower d&rsquo;Echelon Fitness<\/strong><\/p>\n<p>L&rsquo;appareil offre 32 niveaux de r\u00e9sistance magn\u00e9tique, avec boutons de commande sur le palonnier.<\/p>\n<p>Sa conception design et confortable est parfaite pour une position optimale durant l&rsquo;exercice, le tout en silence et confort gr\u00e2ce \u00e0 son rail en aluminium avec son si\u00e8ge en cuir reposant sur un syst\u00e8me de roulement \u00e0 billes.<\/p>\n<p><strong>Gr\u00e2ce \u00e0 l&rsquo;application Echelon Fit (un mois d&rsquo;abonnement offert inclus),<\/strong>\u00a0suivez vos progr\u00e8s, participez \u00e0 des\u00a0<strong>cours en direct ou \u00e0 la demande<\/strong>\u00a0anim\u00e9s par des coachs professionnels, et connectez-vous \u00e0 vos autres applications de fitness (Strava, Fitbit, Apple Health).<\/p>\n<p>Il dispose de repose pieds ajustables et d&rsquo;un support pivotant pour t\u00e9l\u00e9phone\/tablette, et se plie facilement verticalement pour le rangement.<\/p>\n<p>N&rsquo;attendez plus pour am\u00e9liorer votre forme et votre entretien physique !<\/p>\n<p><img decoding=\"async\" class=\"alignnone\" src=\"https:\/\/gestion.sen-no-sen.fr\/wp-content\/uploads\/ech-rower1-05-800x534.png\" alt=\"width=800\" height=\"534\" \/><\/p>\n<p>&nbsp;<\/p>\n<p>&nbsp;<\/p>\n<ul>\n<li style=\"list-style-type: none;\">\n<ul>\n<li><strong>Rameur de fitness moderne et performant<\/strong><\/li>\n<\/ul>\n<\/li>\n<\/ul>\n<p>&nbsp;<\/p>\n<ul>\n<li style=\"list-style-type: none;\">\n<ul>\n<li><strong>Design sportif et fonctionnalit\u00e9s avanc\u00e9es<\/strong><\/li>\n<\/ul>\n<\/li>\n<\/ul>\n<p>&nbsp;<\/p>\n<ul>\n<li style=\"list-style-type: none;\">\n<ul>\n<li><strong>Entra\u00eenement personnalis\u00e9 et suivi des progr\u00e8s<\/strong><\/li>\n<\/ul>\n<\/li>\n<\/ul>\n<p>&nbsp;<\/p>\n<ul>\n<li style=\"list-style-type: none;\">\n<ul>\n<li><strong>Application Echelon Fit pour suivre vos progr\u00e8s et participer \u00e0 des cours<\/strong><\/li>\n<\/ul>\n<\/li>\n<\/ul>\n<p>&nbsp;<\/p>\n<ul>\n<li style=\"list-style-type: none;\">\n<ul>\n<li><strong>\u00c9cran multi programmes<\/strong><\/li>\n<\/ul>\n<\/li>\n<\/ul>\n<p>&nbsp;<\/p>\n<ul>\n<li style=\"list-style-type: none;\">\n<ul>\n<li><strong>Pliable pour le rangement<\/strong><\/li>\n<\/ul>\n<\/li>\n<\/ul>\n<p>&nbsp;<\/p>\n<ul>\n<li style=\"list-style-type: none;\">\n<ul>\n<li><strong>Nombreuses options incluses<\/strong><\/li>\n<\/ul>\n<\/li>\n<\/ul>\n<p>&nbsp;<\/p>\n<ul>\n<li style=\"list-style-type: none;\">\n<ul>\n<li><strong>Connexion USB pour recharger les appareils \u00e9lectroniques<\/strong><\/li>\n<\/ul>\n<\/li>\n<\/ul>\n<p>&nbsp;<\/p>\n<ul>\n<li style=\"list-style-type: none;\">\n<ul>\n<li><strong>Id\u00e9al pour tous les niveaux<\/strong><\/li>\n<\/ul>\n<\/li>\n<\/ul>\n<p>&nbsp;<\/p>\n<p><em><strong>Caract\u00e9ristiques :<\/strong><\/em><\/p>\n<ul>\n<li style=\"list-style-type: none;\">\n<ul>\n<li><em>Dimensions pli\u00e9<\/em>\u00a0: 102 x 155 x 53 cm<\/li>\n<\/ul>\n<\/li>\n<\/ul>\n<ul>\n<li style=\"list-style-type: none;\">\n<ul>\n<li><em>Dimensions total<\/em>\u00a0: 215 x 111 x 52 cm<\/li>\n<\/ul>\n<\/li>\n<\/ul>\n<ul>\n<li style=\"list-style-type: none;\">\n<ul>\n<li><em>Poids<\/em>\u00a0: 49 Kg<\/li>\n<\/ul>\n<\/li>\n<\/ul>\n<ul>\n<li style=\"list-style-type: none;\">\n<ul>\n<li><em>Poids max utilisateur<\/em>\u00a0: 135 Kg<\/li>\n<\/ul>\n<\/li>\n<\/ul>\n<ul>\n<li style=\"list-style-type: none;\">\n<ul>\n<li><em>Couleur<\/em>\u00a0: Noir et rouge<\/li>\n<\/ul>\n<\/li>\n<\/ul>\n<ul>\n<li style=\"list-style-type: none;\">\n<ul>\n<li><em>Pliable<\/em>\u00a0: Oui<\/li>\n<\/ul>\n<\/li>\n<\/ul>\n<p>&nbsp;<\/p>\n<ul>\n<li style=\"list-style-type: none;\">\n<ul>\n<li><em>Nombre de programmes<\/em>\u00a0: Multi-programmes<\/li>\n<\/ul>\n<\/li>\n<\/ul>\n<ul>\n<li style=\"list-style-type: none;\">\n<ul>\n<li><em>Connectivit\u00e9\u00a0<\/em><strong>:<\/strong>\u00a0Bluetooth<\/li>\n<\/ul>\n<\/li>\n<\/ul>\n<ul>\n<li style=\"list-style-type: none;\">\n<ul>\n<li><em>Compatibilit\u00e9<\/em><strong>\u00a0:<\/strong>\u00a0iOS, Android<\/li>\n<\/ul>\n<\/li>\n<\/ul>\n<ul>\n<li style=\"list-style-type: none;\">\n<ul>\n<li><em>Options incluses :<\/em>\u00a0Support tablette, repose pieds ajustables<\/li>\n<\/ul>\n<\/li>\n<\/ul>\n<ul>\n<li style=\"list-style-type: none;\">\n<ul>\n<li><em>App Echelon Fit<\/em>\u00a0: 1 mois d&rsquo;abonnement offert<\/li>\n<\/ul>\n<\/li>\n<\/ul>\n<ul>\n<li><em>Garantie<\/em>\u00a0: 2 ans<\/li>\n<\/ul>\n","protected":false},"excerpt":{"rendered":"<div class=\"f-productProperties__col\">\n<dl class=\"f-productProperties__item\">\n<dt class=\"f-productProperties__term\">Couleur<\/dt>\n<dd class=\"f-productProperties__definition\" aria-label=\"Liste des Couleur\">Noir<\/dd>\n<\/dl>\n<dl class=\"f-productProperties__item\">\n<dt class=\"f-productProperties__term\">Longueur du produit<\/dt>\n<dd class=\"f-productProperties__definition\" aria-label=\"Liste des Longueur du produit\">215,00 cm<\/dd>\n<\/dl>\n<dl class=\"f-productProperties__item\">\n<dt class=\"f-productProperties__term\">Largeur du produit<\/dt>\n<dd class=\"f-productProperties__definition\" aria-label=\"Liste des Largeur du produit\">52,00 cm<\/dd>\n<\/dl>\n<\/div>\n<div class=\"f-productProperties__col\">\n<dl class=\"f-productProperties__item\">\n<dt class=\"f-productProperties__term\">Hauteur du produit<\/dt>\n<dd class=\"f-productProperties__definition\" aria-label=\"Liste des Hauteur du produit\">111,00 cm<\/dd>\n<\/dl>\n<\/div>\n","protected":false},"featured_media":18013,"comment_status":"open","ping_status":"closed","template":"","meta":[],"product_brand":[],"product_cat":[79],"product_tag":[],"class_list":{"0":"post-18010","1":"product","2":"type-product","3":"status-publish","4":"has-post-thumbnail","6":"product_cat-rameur","8":"first","9":"instock","10":"sale","11":"taxable","12":"shipping-taxable","13":"purchasable","14":"product-type-simple"},"yoast_head":"<!-- This site is optimized with the Yoast SEO plugin v24.8.1 - https:\/\/yoast.com\/wordpress\/plugins\/seo\/ -->\n<title>Rameur \u00e0 Air de fitness - Mod\u00e8le SMART ROWER - ECHELON - Maison\/Appartement - Concept Sport<\/title>\n<meta name=\"robots\" content=\"index, follow, max-snippet:-1, max-image-preview:large, max-video-preview:-1\" \/>\n<link rel=\"canonical\" href=\"https:\/\/concept-sport.com\/index.php\/produit\/rameur-a-air-de-fitness-modele-smart-rower-echelon-maison-appartement\/\" \/>\n<meta property=\"og:locale\" content=\"fr_FR\" \/>\n<meta property=\"og:type\" content=\"article\" \/>\n<meta property=\"og:title\" content=\"Rameur \u00e0 Air de fitness - Mod\u00e8le SMART ROWER - ECHELON - Maison\/Appartement - Concept Sport\" \/>\n<meta property=\"og:description\" content=\"Couleur  Noir    Longueur du produit  215,00 cm    Largeur du produit  52,00 cm      Hauteur du produit  111,00 cm\" \/>\n<meta property=\"og:url\" content=\"https:\/\/concept-sport.com\/index.php\/produit\/rameur-a-air-de-fitness-modele-smart-rower-echelon-maison-appartement\/\" \/>\n<meta property=\"og:site_name\" content=\"Concept Sport\" \/>\n<meta property=\"og:image\" content=\"https:\/\/concept-sport.com\/wp-content\/uploads\/2025\/07\/28023573-1505-3756-1.jpg\" \/>\n\t<meta property=\"og:image:width\" content=\"2000\" \/>\n\t<meta property=\"og:image:height\" content=\"2000\" \/>\n\t<meta property=\"og:image:type\" content=\"image\/jpeg\" \/>\n<meta name=\"twitter:card\" content=\"summary_large_image\" \/>\n<meta name=\"twitter:label1\" content=\"Dur\u00e9e de lecture estim\u00e9e\" \/>\n\t<meta name=\"twitter:data1\" content=\"2 minutes\" \/>\n<script type=\"application\/ld+json\" class=\"yoast-schema-graph\">{\"@context\":\"https:\/\/schema.org\",\"@graph\":[{\"@type\":\"WebPage\",\"@id\":\"https:\/\/concept-sport.com\/index.php\/produit\/rameur-a-air-de-fitness-modele-smart-rower-echelon-maison-appartement\/\",\"url\":\"https:\/\/concept-sport.com\/index.php\/produit\/rameur-a-air-de-fitness-modele-smart-rower-echelon-maison-appartement\/\",\"name\":\"Rameur \u00e0 Air de fitness - Mod\u00e8le SMART ROWER - ECHELON - Maison\/Appartement - Concept Sport\",\"isPartOf\":{\"@id\":\"https:\/\/concept-sport.com\/#website\"},\"primaryImageOfPage\":{\"@id\":\"https:\/\/concept-sport.com\/index.php\/produit\/rameur-a-air-de-fitness-modele-smart-rower-echelon-maison-appartement\/#primaryimage\"},\"image\":{\"@id\":\"https:\/\/concept-sport.com\/index.php\/produit\/rameur-a-air-de-fitness-modele-smart-rower-echelon-maison-appartement\/#primaryimage\"},\"thumbnailUrl\":\"https:\/\/concept-sport.com\/wp-content\/uploads\/2025\/07\/28023573-1505-3756-1.jpg\",\"datePublished\":\"2025-07-14T18:33:20+00:00\",\"breadcrumb\":{\"@id\":\"https:\/\/concept-sport.com\/index.php\/produit\/rameur-a-air-de-fitness-modele-smart-rower-echelon-maison-appartement\/#breadcrumb\"},\"inLanguage\":\"fr-FR\",\"potentialAction\":[{\"@type\":\"ReadAction\",\"target\":[\"https:\/\/concept-sport.com\/index.php\/produit\/rameur-a-air-de-fitness-modele-smart-rower-echelon-maison-appartement\/\"]}]},{\"@type\":\"ImageObject\",\"inLanguage\":\"fr-FR\",\"@id\":\"https:\/\/concept-sport.com\/index.php\/produit\/rameur-a-air-de-fitness-modele-smart-rower-echelon-maison-appartement\/#primaryimage\",\"url\":\"https:\/\/concept-sport.com\/wp-content\/uploads\/2025\/07\/28023573-1505-3756-1.jpg\",\"contentUrl\":\"https:\/\/concept-sport.com\/wp-content\/uploads\/2025\/07\/28023573-1505-3756-1.jpg\",\"width\":2000,\"height\":2000},{\"@type\":\"BreadcrumbList\",\"@id\":\"https:\/\/concept-sport.com\/index.php\/produit\/rameur-a-air-de-fitness-modele-smart-rower-echelon-maison-appartement\/#breadcrumb\",\"itemListElement\":[{\"@type\":\"ListItem\",\"position\":1,\"name\":\"Accueil\",\"item\":\"https:\/\/concept-sport.com\/\"},{\"@type\":\"ListItem\",\"position\":2,\"name\":\"Boutique\",\"item\":\"https:\/\/concept-sport.com\/index.php\/boutique\/\"},{\"@type\":\"ListItem\",\"position\":3,\"name\":\"Rameur \u00e0 Air de fitness &#8211; Mod\u00e8le SMART ROWER &#8211; ECHELON &#8211; Maison\/Appartement\"}]},{\"@type\":\"WebSite\",\"@id\":\"https:\/\/concept-sport.com\/#website\",\"url\":\"https:\/\/concept-sport.com\/\",\"name\":\"Concept Sport\",\"description\":\"Mat\u00e9riel de sport &amp; \u00e9quipement sportif\",\"potentialAction\":[{\"@type\":\"SearchAction\",\"target\":{\"@type\":\"EntryPoint\",\"urlTemplate\":\"https:\/\/concept-sport.com\/?s={search_term_string}\"},\"query-input\":{\"@type\":\"PropertyValueSpecification\",\"valueRequired\":true,\"valueName\":\"search_term_string\"}}],\"inLanguage\":\"fr-FR\"}]}<\/script>\n<!-- \/ Yoast SEO plugin. -->","yoast_head_json":{"title":"Rameur \u00e0 Air de fitness - Mod\u00e8le SMART ROWER - ECHELON - Maison\/Appartement - Concept Sport","robots":{"index":"index","follow":"follow","max-snippet":"max-snippet:-1","max-image-preview":"max-image-preview:large","max-video-preview":"max-video-preview:-1"},"canonical":"https:\/\/concept-sport.com\/index.php\/produit\/rameur-a-air-de-fitness-modele-smart-rower-echelon-maison-appartement\/","og_locale":"fr_FR","og_type":"article","og_title":"Rameur \u00e0 Air de fitness - Mod\u00e8le SMART ROWER - ECHELON - Maison\/Appartement - Concept Sport","og_description":"Couleur  Noir    Longueur du produit  215,00 cm    Largeur du produit  52,00 cm      Hauteur du produit  111,00 cm","og_url":"https:\/\/concept-sport.com\/index.php\/produit\/rameur-a-air-de-fitness-modele-smart-rower-echelon-maison-appartement\/","og_site_name":"Concept Sport","og_image":[{"width":2000,"height":2000,"url":"https:\/\/concept-sport.com\/wp-content\/uploads\/2025\/07\/28023573-1505-3756-1.jpg","type":"image\/jpeg"}],"twitter_card":"summary_large_image","twitter_misc":{"Dur\u00e9e de lecture estim\u00e9e":"2 minutes"},"schema":{"@context":"https:\/\/schema.org","@graph":[{"@type":"WebPage","@id":"https:\/\/concept-sport.com\/index.php\/produit\/rameur-a-air-de-fitness-modele-smart-rower-echelon-maison-appartement\/","url":"https:\/\/concept-sport.com\/index.php\/produit\/rameur-a-air-de-fitness-modele-smart-rower-echelon-maison-appartement\/","name":"Rameur \u00e0 Air de fitness - Mod\u00e8le SMART ROWER - ECHELON - Maison\/Appartement - Concept Sport","isPartOf":{"@id":"https:\/\/concept-sport.com\/#website"},"primaryImageOfPage":{"@id":"https:\/\/concept-sport.com\/index.php\/produit\/rameur-a-air-de-fitness-modele-smart-rower-echelon-maison-appartement\/#primaryimage"},"image":{"@id":"https:\/\/concept-sport.com\/index.php\/produit\/rameur-a-air-de-fitness-modele-smart-rower-echelon-maison-appartement\/#primaryimage"},"thumbnailUrl":"https:\/\/concept-sport.com\/wp-content\/uploads\/2025\/07\/28023573-1505-3756-1.jpg","datePublished":"2025-07-14T18:33:20+00:00","breadcrumb":{"@id":"https:\/\/concept-sport.com\/index.php\/produit\/rameur-a-air-de-fitness-modele-smart-rower-echelon-maison-appartement\/#breadcrumb"},"inLanguage":"fr-FR","potentialAction":[{"@type":"ReadAction","target":["https:\/\/concept-sport.com\/index.php\/produit\/rameur-a-air-de-fitness-modele-smart-rower-echelon-maison-appartement\/"]}]},{"@type":"ImageObject","inLanguage":"fr-FR","@id":"https:\/\/concept-sport.com\/index.php\/produit\/rameur-a-air-de-fitness-modele-smart-rower-echelon-maison-appartement\/#primaryimage","url":"https:\/\/concept-sport.com\/wp-content\/uploads\/2025\/07\/28023573-1505-3756-1.jpg","contentUrl":"https:\/\/concept-sport.com\/wp-content\/uploads\/2025\/07\/28023573-1505-3756-1.jpg","width":2000,"height":2000},{"@type":"BreadcrumbList","@id":"https:\/\/concept-sport.com\/index.php\/produit\/rameur-a-air-de-fitness-modele-smart-rower-echelon-maison-appartement\/#breadcrumb","itemListElement":[{"@type":"ListItem","position":1,"name":"Accueil","item":"https:\/\/concept-sport.com\/"},{"@type":"ListItem","position":2,"name":"Boutique","item":"https:\/\/concept-sport.com\/index.php\/boutique\/"},{"@type":"ListItem","position":3,"name":"Rameur \u00e0 Air de fitness &#8211; Mod\u00e8le SMART ROWER &#8211; ECHELON &#8211; Maison\/Appartement"}]},{"@type":"WebSite","@id":"https:\/\/concept-sport.com\/#website","url":"https:\/\/concept-sport.com\/","name":"Concept Sport","description":"Mat\u00e9riel de sport &amp; \u00e9quipement sportif","potentialAction":[{"@type":"SearchAction","target":{"@type":"EntryPoint","urlTemplate":"https:\/\/concept-sport.com\/?s={search_term_string}"},"query-input":{"@type":"PropertyValueSpecification","valueRequired":true,"valueName":"search_term_string"}}],"inLanguage":"fr-FR"}]}},"_links":{"self":[{"href":"https:\/\/concept-sport.com\/index.php\/wp-json\/wp\/v2\/product\/18010","targetHints":{"allow":["GET"]}}],"collection":[{"href":"https:\/\/concept-sport.com\/index.php\/wp-json\/wp\/v2\/product"}],"about":[{"href":"https:\/\/concept-sport.com\/index.php\/wp-json\/wp\/v2\/types\/product"}],"replies":[{"embeddable":true,"href":"https:\/\/concept-sport.com\/index.php\/wp-json\/wp\/v2\/comments?post=18010"}],"version-history":[{"count":1,"href":"https:\/\/concept-sport.com\/index.php\/wp-json\/wp\/v2\/product\/18010\/revisions"}],"predecessor-version":[{"id":18014,"href":"https:\/\/concept-sport.com\/index.php\/wp-json\/wp\/v2\/product\/18010\/revisions\/18014"}],"wp:featuredmedia":[{"embeddable":true,"href":"https:\/\/concept-sport.com\/index.php\/wp-json\/wp\/v2\/media\/18013"}],"wp:attachment":[{"href":"https:\/\/concept-sport.com\/index.php\/wp-json\/wp\/v2\/media?parent=18010"}],"wp:term":[{"taxonomy":"product_brand","embeddable":true,"href":"https:\/\/concept-sport.com\/index.php\/wp-json\/wp\/v2\/product_brand?post=18010"},{"taxonomy":"product_cat","embeddable":true,"href":"https:\/\/concept-sport.com\/index.php\/wp-json\/wp\/v2\/product_cat?post=18010"},{"taxonomy":"product_tag","embeddable":true,"href":"https:\/\/concept-sport.com\/index.php\/wp-json\/wp\/v2\/product_tag?post=18010"}],"curies":[{"name":"wp","href":"https:\/\/api.w.org\/{rel}","templated":true}]}}