{"id":18004,"date":"2025-07-14T20:26:51","date_gmt":"2025-07-14T18:26:51","guid":{"rendered":"https:\/\/concept-sport.com\/?post_type=product&#038;p=18004"},"modified":"2025-07-14T20:26:51","modified_gmt":"2025-07-14T18:26:51","slug":"rameur-jet-600-2-care","status":"publish","type":"product","link":"https:\/\/concept-sport.com\/index.php\/produit\/rameur-jet-600-2-care\/","title":{"rendered":"Rameur &#8211; Jet 600-2 &#8211; CARE"},"content":{"rendered":"<div class=\"f-productProperties__col\">\n<dl class=\"f-productProperties__item\">\n<dt class=\"f-productProperties__term\">Pliable : Oui<\/dt>\n<\/dl>\n<dl class=\"f-productProperties__item\">\n<dt class=\"f-productProperties__term\">Niveau de pratique : Confirm\u00e9<\/dt>\n<\/dl>\n<dl class=\"f-productProperties__item\">\n<dt class=\"f-productProperties__term\">Couleur : Noir<\/dt>\n<\/dl>\n<dl class=\"f-productProperties__item\">\n<dt class=\"f-productProperties__term\">Longueur du produit\u00a0 : 216,00 cm<\/dt>\n<\/dl>\n<\/div>\n<div class=\"f-productProperties__col\">\n<dl class=\"f-productProperties__item\">\n<dt class=\"f-productProperties__term\">Largeur du produit :52,00 cm<\/dt>\n<\/dl>\n<dl class=\"f-productProperties__item\">\n<dt class=\"f-productProperties__term\">Hauteur du produit :91,00 cm<\/dt>\n<\/dl>\n<dl class=\"f-productProperties__item\">\n<dt class=\"f-productProperties__term\">Poids du produit :40,00 Kg<\/dt>\n<\/dl>\n<dl class=\"f-productProperties__item\">\n<dd class=\"f-productProperties__definition\" aria-label=\"Liste des EAN\">&nbsp;<\/dd>\n<\/dl>\n<\/div>\n","protected":false},"excerpt":{"rendered":"<p>Rameur a tirage central avec r\u00e9sistance magn\u00e9tique. Il offre un tirage fluide, une position stable et confortable sur l&rsquo;assise. La console est id\u00e9ale pour optimiser vos s\u00e9ances avec ses 5 fonctionnalit\u00e9s. Structure stable et pliable avec rails en aluminium &#8211; Ecran LCD 5 fonctions.<\/p>\n","protected":false},"featured_media":18008,"comment_status":"open","ping_status":"closed","template":"","meta":[],"product_brand":[],"product_cat":[79],"product_tag":[],"class_list":{"0":"post-18004","1":"product","2":"type-product","3":"status-publish","4":"has-post-thumbnail","6":"product_cat-rameur","8":"first","9":"instock","10":"sale","11":"taxable","12":"shipping-taxable","13":"purchasable","14":"product-type-simple"},"yoast_head":"<!-- This site is optimized with the Yoast SEO plugin v24.8.1 - https:\/\/yoast.com\/wordpress\/plugins\/seo\/ -->\n<title>Rameur - Jet 600-2 - CARE - Concept Sport<\/title>\n<meta name=\"robots\" content=\"index, follow, max-snippet:-1, max-image-preview:large, max-video-preview:-1\" \/>\n<link rel=\"canonical\" href=\"https:\/\/concept-sport.com\/index.php\/produit\/rameur-jet-600-2-care\/\" \/>\n<meta property=\"og:locale\" content=\"fr_FR\" \/>\n<meta property=\"og:type\" content=\"article\" \/>\n<meta property=\"og:title\" content=\"Rameur - Jet 600-2 - CARE - Concept Sport\" \/>\n<meta property=\"og:description\" content=\"Rameur a tirage central avec r\u00e9sistance magn\u00e9tique. Il offre un tirage fluide, une position stable et confortable sur l&#039;assise. La console est id\u00e9ale pour optimiser vos s\u00e9ances avec ses 5 fonctionnalit\u00e9s. Structure stable et pliable avec rails en aluminium - Ecran LCD 5 fonctions.\" \/>\n<meta property=\"og:url\" content=\"https:\/\/concept-sport.com\/index.php\/produit\/rameur-jet-600-2-care\/\" \/>\n<meta property=\"og:site_name\" content=\"Concept Sport\" \/>\n<meta property=\"og:image\" content=\"https:\/\/concept-sport.com\/wp-content\/uploads\/2025\/07\/16823489-1505-3756-1.jpg\" \/>\n\t<meta property=\"og:image:width\" content=\"1200\" \/>\n\t<meta property=\"og:image:height\" content=\"1372\" \/>\n\t<meta property=\"og:image:type\" content=\"image\/jpeg\" \/>\n<meta name=\"twitter:card\" content=\"summary_large_image\" \/>\n<meta name=\"twitter:label1\" content=\"Dur\u00e9e de lecture estim\u00e9e\" \/>\n\t<meta name=\"twitter:data1\" content=\"1 minute\" \/>\n<script type=\"application\/ld+json\" class=\"yoast-schema-graph\">{\"@context\":\"https:\/\/schema.org\",\"@graph\":[{\"@type\":\"WebPage\",\"@id\":\"https:\/\/concept-sport.com\/index.php\/produit\/rameur-jet-600-2-care\/\",\"url\":\"https:\/\/concept-sport.com\/index.php\/produit\/rameur-jet-600-2-care\/\",\"name\":\"Rameur - Jet 600-2 - CARE - Concept Sport\",\"isPartOf\":{\"@id\":\"https:\/\/concept-sport.com\/#website\"},\"primaryImageOfPage\":{\"@id\":\"https:\/\/concept-sport.com\/index.php\/produit\/rameur-jet-600-2-care\/#primaryimage\"},\"image\":{\"@id\":\"https:\/\/concept-sport.com\/index.php\/produit\/rameur-jet-600-2-care\/#primaryimage\"},\"thumbnailUrl\":\"https:\/\/concept-sport.com\/wp-content\/uploads\/2025\/07\/16823489-1505-3756-1.jpg\",\"datePublished\":\"2025-07-14T18:26:51+00:00\",\"breadcrumb\":{\"@id\":\"https:\/\/concept-sport.com\/index.php\/produit\/rameur-jet-600-2-care\/#breadcrumb\"},\"inLanguage\":\"fr-FR\",\"potentialAction\":[{\"@type\":\"ReadAction\",\"target\":[\"https:\/\/concept-sport.com\/index.php\/produit\/rameur-jet-600-2-care\/\"]}]},{\"@type\":\"ImageObject\",\"inLanguage\":\"fr-FR\",\"@id\":\"https:\/\/concept-sport.com\/index.php\/produit\/rameur-jet-600-2-care\/#primaryimage\",\"url\":\"https:\/\/concept-sport.com\/wp-content\/uploads\/2025\/07\/16823489-1505-3756-1.jpg\",\"contentUrl\":\"https:\/\/concept-sport.com\/wp-content\/uploads\/2025\/07\/16823489-1505-3756-1.jpg\",\"width\":1200,\"height\":1372},{\"@type\":\"BreadcrumbList\",\"@id\":\"https:\/\/concept-sport.com\/index.php\/produit\/rameur-jet-600-2-care\/#breadcrumb\",\"itemListElement\":[{\"@type\":\"ListItem\",\"position\":1,\"name\":\"Accueil\",\"item\":\"https:\/\/concept-sport.com\/\"},{\"@type\":\"ListItem\",\"position\":2,\"name\":\"Boutique\",\"item\":\"https:\/\/concept-sport.com\/index.php\/boutique\/\"},{\"@type\":\"ListItem\",\"position\":3,\"name\":\"Rameur &#8211; Jet 600-2 &#8211; CARE\"}]},{\"@type\":\"WebSite\",\"@id\":\"https:\/\/concept-sport.com\/#website\",\"url\":\"https:\/\/concept-sport.com\/\",\"name\":\"Concept Sport\",\"description\":\"Mat\u00e9riel de sport &amp; \u00e9quipement sportif\",\"potentialAction\":[{\"@type\":\"SearchAction\",\"target\":{\"@type\":\"EntryPoint\",\"urlTemplate\":\"https:\/\/concept-sport.com\/?s={search_term_string}\"},\"query-input\":{\"@type\":\"PropertyValueSpecification\",\"valueRequired\":true,\"valueName\":\"search_term_string\"}}],\"inLanguage\":\"fr-FR\"}]}<\/script>\n<!-- \/ Yoast SEO plugin. -->","yoast_head_json":{"title":"Rameur - Jet 600-2 - CARE - Concept Sport","robots":{"index":"index","follow":"follow","max-snippet":"max-snippet:-1","max-image-preview":"max-image-preview:large","max-video-preview":"max-video-preview:-1"},"canonical":"https:\/\/concept-sport.com\/index.php\/produit\/rameur-jet-600-2-care\/","og_locale":"fr_FR","og_type":"article","og_title":"Rameur - Jet 600-2 - CARE - Concept Sport","og_description":"Rameur a tirage central avec r\u00e9sistance magn\u00e9tique. Il offre un tirage fluide, une position stable et confortable sur l'assise. La console est id\u00e9ale pour optimiser vos s\u00e9ances avec ses 5 fonctionnalit\u00e9s. Structure stable et pliable avec rails en aluminium - Ecran LCD 5 fonctions.","og_url":"https:\/\/concept-sport.com\/index.php\/produit\/rameur-jet-600-2-care\/","og_site_name":"Concept Sport","og_image":[{"width":1200,"height":1372,"url":"https:\/\/concept-sport.com\/wp-content\/uploads\/2025\/07\/16823489-1505-3756-1.jpg","type":"image\/jpeg"}],"twitter_card":"summary_large_image","twitter_misc":{"Dur\u00e9e de lecture estim\u00e9e":"1 minute"},"schema":{"@context":"https:\/\/schema.org","@graph":[{"@type":"WebPage","@id":"https:\/\/concept-sport.com\/index.php\/produit\/rameur-jet-600-2-care\/","url":"https:\/\/concept-sport.com\/index.php\/produit\/rameur-jet-600-2-care\/","name":"Rameur - Jet 600-2 - CARE - Concept Sport","isPartOf":{"@id":"https:\/\/concept-sport.com\/#website"},"primaryImageOfPage":{"@id":"https:\/\/concept-sport.com\/index.php\/produit\/rameur-jet-600-2-care\/#primaryimage"},"image":{"@id":"https:\/\/concept-sport.com\/index.php\/produit\/rameur-jet-600-2-care\/#primaryimage"},"thumbnailUrl":"https:\/\/concept-sport.com\/wp-content\/uploads\/2025\/07\/16823489-1505-3756-1.jpg","datePublished":"2025-07-14T18:26:51+00:00","breadcrumb":{"@id":"https:\/\/concept-sport.com\/index.php\/produit\/rameur-jet-600-2-care\/#breadcrumb"},"inLanguage":"fr-FR","potentialAction":[{"@type":"ReadAction","target":["https:\/\/concept-sport.com\/index.php\/produit\/rameur-jet-600-2-care\/"]}]},{"@type":"ImageObject","inLanguage":"fr-FR","@id":"https:\/\/concept-sport.com\/index.php\/produit\/rameur-jet-600-2-care\/#primaryimage","url":"https:\/\/concept-sport.com\/wp-content\/uploads\/2025\/07\/16823489-1505-3756-1.jpg","contentUrl":"https:\/\/concept-sport.com\/wp-content\/uploads\/2025\/07\/16823489-1505-3756-1.jpg","width":1200,"height":1372},{"@type":"BreadcrumbList","@id":"https:\/\/concept-sport.com\/index.php\/produit\/rameur-jet-600-2-care\/#breadcrumb","itemListElement":[{"@type":"ListItem","position":1,"name":"Accueil","item":"https:\/\/concept-sport.com\/"},{"@type":"ListItem","position":2,"name":"Boutique","item":"https:\/\/concept-sport.com\/index.php\/boutique\/"},{"@type":"ListItem","position":3,"name":"Rameur &#8211; Jet 600-2 &#8211; CARE"}]},{"@type":"WebSite","@id":"https:\/\/concept-sport.com\/#website","url":"https:\/\/concept-sport.com\/","name":"Concept Sport","description":"Mat\u00e9riel de sport &amp; \u00e9quipement sportif","potentialAction":[{"@type":"SearchAction","target":{"@type":"EntryPoint","urlTemplate":"https:\/\/concept-sport.com\/?s={search_term_string}"},"query-input":{"@type":"PropertyValueSpecification","valueRequired":true,"valueName":"search_term_string"}}],"inLanguage":"fr-FR"}]}},"_links":{"self":[{"href":"https:\/\/concept-sport.com\/index.php\/wp-json\/wp\/v2\/product\/18004","targetHints":{"allow":["GET"]}}],"collection":[{"href":"https:\/\/concept-sport.com\/index.php\/wp-json\/wp\/v2\/product"}],"about":[{"href":"https:\/\/concept-sport.com\/index.php\/wp-json\/wp\/v2\/types\/product"}],"replies":[{"embeddable":true,"href":"https:\/\/concept-sport.com\/index.php\/wp-json\/wp\/v2\/comments?post=18004"}],"version-history":[{"count":1,"href":"https:\/\/concept-sport.com\/index.php\/wp-json\/wp\/v2\/product\/18004\/revisions"}],"predecessor-version":[{"id":18009,"href":"https:\/\/concept-sport.com\/index.php\/wp-json\/wp\/v2\/product\/18004\/revisions\/18009"}],"wp:featuredmedia":[{"embeddable":true,"href":"https:\/\/concept-sport.com\/index.php\/wp-json\/wp\/v2\/media\/18008"}],"wp:attachment":[{"href":"https:\/\/concept-sport.com\/index.php\/wp-json\/wp\/v2\/media?parent=18004"}],"wp:term":[{"taxonomy":"product_brand","embeddable":true,"href":"https:\/\/concept-sport.com\/index.php\/wp-json\/wp\/v2\/product_brand?post=18004"},{"taxonomy":"product_cat","embeddable":true,"href":"https:\/\/concept-sport.com\/index.php\/wp-json\/wp\/v2\/product_cat?post=18004"},{"taxonomy":"product_tag","embeddable":true,"href":"https:\/\/concept-sport.com\/index.php\/wp-json\/wp\/v2\/product_tag?post=18004"}],"curies":[{"name":"wp","href":"https:\/\/api.w.org\/{rel}","templated":true}]}}