{"id":17995,"date":"2025-07-14T20:19:02","date_gmt":"2025-07-14T18:19:02","guid":{"rendered":"https:\/\/concept-sport.com\/?post_type=product&#038;p=17995"},"modified":"2025-07-14T20:19:02","modified_gmt":"2025-07-14T18:19:02","slug":"rameur-original-s4-frene","status":"publish","type":"product","link":"https:\/\/concept-sport.com\/index.php\/produit\/rameur-original-s4-frene\/","title":{"rendered":"Rameur original S4 fr\u00eane"},"content":{"rendered":"<h2 class=\"sous-titre-details\">WaterRower rameur \u00e0 eau Fr\u00eane<\/h2>\n<p class=\"intro-details\">Reproduit les sensations de l&rsquo;aviron !<\/p>\n<p class=\"sur-1-colonne\">Le\u00a0<strong>rameur WaterRower S4<\/strong>\u00a0fonctionne sur le principe de la\u00a0<strong>r\u00e9sistance \u00e0 eau<\/strong>. Cette derni\u00e8re est proportionnelle \u00e0 l&rsquo;effort de l&rsquo;utilisateur. La pression s&rsquo;exerce sur la p\u00e2le en r\u00e9alisant le coup de rame. Plus le rameur rame avec puissance, plus la r\u00e9sistance s&rsquo;\u00e9l\u00e8ve. Ainsi, cette derni\u00e8re est autor\u00e9gulatrice, elle s&rsquo;adapte \u00e0 l\u2019utilisateur tout en offrant des mouvements fluides, sans impact, ni torsion.<\/p>\n<h3 class=\"sous-sous-titre-details\">Comment fonctionne le Water Rower S4 ?<\/h3>\n<p class=\"sur-1-colonne\">Le\u00a0<strong>rameur original WaterRower<\/strong>\u00a0procure des sensations exceptionnelles gr\u00e2ce \u00e0 la combinaison de l\u2019eau au sein de sa\u00a0<strong>cuve en polycarbonate durable<\/strong>\u00a0et de sa\u00a0<strong>p\u00e2le\u00a0<em>Waterflywheel<\/em>\u00a0brevet\u00e9e<\/strong>. En effet, cette association reproduit fid\u00e8lement la dynamique d\u2019un aviron glissant sur l\u2019eau.<\/p>\n<h3 class=\"sous-sous-titre-details\">Quel avantage \u00e0 utiliser un rameur \u00e0 eau ?<\/h3>\n<p class=\"sur-1-colonne\">Avec un rameur, l&rsquo;entrainement est complet, vous travaillez votre cardio-training et br\u00fblez jusqu&rsquo;\u00e0 1000 calories par heure !\u00a0<strong>Sollicitant plus de 80% de muscles<\/strong>, le rameur participe au renforcement musculaire des jambes, fessiers, abdomen, bras et dos.<\/p>\n<p class=\"sur-1-colonne\">Avec un\u00a0<strong>rameur \u00e0 eau<\/strong>, les mouvements sont beaucoup plus fluides. Vous ne ressentez pas l&rsquo;effort de la m\u00eame fa\u00e7on qu&rsquo;avec un rameur classique. La coordination de la force et de la vitesse est parfaite. Les utilisateurs de\u00a0<strong>rameur \u00e0 r\u00e9sistance \u00e0 eau<\/strong>\u00a0sont unanimes, ils l&rsquo;adorent !<\/p>\n<h3 class=\"sous-sous-titre-details\">Une console S4 performante :<\/h3>\n<ul>\n<li>Facile \u00e0 utiliser ;<\/li>\n<li>6 boutons de s\u00e9lection rapide ;<\/li>\n<li>3 boutons de navigation ;<\/li>\n<li>Affichage (intensit\u00e9, fr\u00e9quence de coups de rame, zone d&rsquo;exercice, dur\u00e9e, distance) ;<\/li>\n<\/ul>\n<h3 class=\"sous-sous-titre-details\">Les points forts du Rameur S4 WaterRower :<\/h3>\n<ul>\n<li>V\u00e9ritable sensation d&rsquo;aviron ;<\/li>\n<li>Bois lab\u00e9llis\u00e9 ;<\/li>\n<li>Absorbe les bruits et les vibrations ;<\/li>\n<li>Prot\u00e8ge les articulations ;<\/li>\n<li>R\u00e9sistance autor\u00e9gulatrice ;<\/li>\n<li>Silencieux, seul le battement de l\u2019eau est perceptible pour une ambiance 100% bien-\u00eatre.<\/li>\n<li>Se range \u00e0 la verticale pour prendre peu de place.<\/li>\n<\/ul>\n<div>\n<div id=\"additional\" class=\"contenu-details\">\n<div class=\"additional-attributes-wrapper table-wrapper\"><\/div>\n<\/div>\n<\/div>\n","protected":false},"excerpt":{"rendered":"<div class=\"product attribute accroche-produit\">\n<div>\n<table id=\"product-attribute-specs-table\" class=\"data table additional-attributes\">\n<tbody>\n<tr>\n<th class=\"col label\" scope=\"row\">Marque<\/th>\n<td class=\"col data\" data-th=\"Marque\">WATERROWER<\/td>\n<\/tr>\n<tr>\n<th class=\"col label\" scope=\"row\">\u00c9tat<\/th>\n<td class=\"col data\" data-th=\"\u00c9tat\">Neuf<\/td>\n<\/tr>\n<tr>\n<th class=\"col label\" scope=\"row\">Longueur<\/th>\n<td class=\"col data\" data-th=\"Longueur\">210 cm<\/td>\n<\/tr>\n<tr>\n<th class=\"col label\" scope=\"row\">Largeur<\/th>\n<td class=\"col data\" data-th=\"Largeur\">56 cm<\/td>\n<\/tr>\n<tr>\n<th class=\"col label\" scope=\"row\">Hauteur<\/th>\n<td class=\"col data\" data-th=\"Hauteur\">53 cm &#8211; 30 cm (hauteur d&rsquo;assise)<\/td>\n<\/tr>\n<tr>\n<th class=\"col label\" scope=\"row\">Poids<\/th>\n<td class=\"col data\" data-th=\"Poids\">30,5 kg<\/td>\n<\/tr>\n<tr>\n<th class=\"col label\" scope=\"row\">Poids max support\u00e9<\/th>\n<td class=\"col data\" data-th=\"Poids max support\u00e9\">150 kg<\/td>\n<\/tr>\n<\/tbody>\n<\/table>\n<\/div>\n<div><\/div>\n<div><\/div>\n<div class=\"value\">Une sensation de glisse incomparable<\/div>\n<\/div>\n<div class=\"product attribute overview\">\n<div class=\"value\">\n<p>Le\u00a0<strong>rameur WaterRower fr\u00eane<\/strong>\u00a0est fabriqu\u00e9 de fa\u00e7on artisanale en bois massif labellis\u00e9 avec une finition huil\u00e9e \u00e0 la main. Ce rameur \u00e0 double rail et \u00e0\u00a0<strong>r\u00e9sistance \u00e0 eau<\/strong>\u00a0dispose du\u00a0<strong>moniteur S4<\/strong>\u00a0qui affiche temps, distance, intensit\u00e9 et fr\u00e9quence des mouvements.<\/p>\n<p>Vous recherchez un\u00a0<strong>rameur \u00e0 eau<\/strong>\u00a0design et performant ? Le\u00a0<strong>S4 Water Rower<\/strong>\u00a0utilise la technologie de la r\u00e9sistance \u00e0 eau qui reproduit la dynamique physique d&rsquo;un aviron glissant sur l&rsquo;eau. Son design naturel fait qu&rsquo;il s&rsquo;int\u00e8gre avec \u00e9l\u00e9gance dans n&rsquo;importe quel lieu, cabinet de kin\u00e9sith\u00e9rapie, centre de r\u00e9\u00e9ducation ou m\u00eame \u00e0 la maison. Il combine \u00e0 la perfection esth\u00e9tisme et efficacit\u00e9.<\/p>\n<\/div>\n<\/div>\n","protected":false},"featured_media":18002,"comment_status":"open","ping_status":"closed","template":"","meta":[],"product_brand":[],"product_cat":[79],"product_tag":[],"class_list":{"0":"post-17995","1":"product","2":"type-product","3":"status-publish","4":"has-post-thumbnail","6":"product_cat-rameur","8":"first","9":"instock","10":"sale","11":"taxable","12":"shipping-taxable","13":"purchasable","14":"product-type-simple"},"yoast_head":"<!-- This site is optimized with the Yoast SEO plugin v24.8.1 - https:\/\/yoast.com\/wordpress\/plugins\/seo\/ -->\n<title>Rameur original S4 fr\u00eane - Concept Sport<\/title>\n<meta name=\"robots\" content=\"index, follow, max-snippet:-1, max-image-preview:large, max-video-preview:-1\" \/>\n<link rel=\"canonical\" href=\"https:\/\/concept-sport.com\/index.php\/produit\/rameur-original-s4-frene\/\" \/>\n<meta property=\"og:locale\" content=\"fr_FR\" \/>\n<meta property=\"og:type\" content=\"article\" \/>\n<meta property=\"og:title\" content=\"Rameur original S4 fr\u00eane - Concept Sport\" \/>\n<meta property=\"og:description\" content=\"Marque WATERROWER   \u00c9tat Neuf   Longueur 210 cm   Largeur 56 cm   Hauteur 53 cm - 30 cm (hauteur d&#039;assise)   Poids 30,5 kg   Poids max support\u00e9 150 kg       Une sensation de glisse incomparable     Le\u00a0rameur WaterRower fr\u00eane\u00a0est fabriqu\u00e9 de fa\u00e7on artisanale en bois massif labellis\u00e9 avec une finition huil\u00e9e \u00e0 la main. Ce rameur \u00e0 double rail et \u00e0\u00a0r\u00e9sistance \u00e0 eau\u00a0dispose du\u00a0moniteur S4\u00a0qui affiche temps, distance, intensit\u00e9 et fr\u00e9quence des mouvements.  Vous recherchez un\u00a0rameur \u00e0 eau\u00a0design et performant ? Le\u00a0S4 Water Rower\u00a0utilise la technologie de la r\u00e9sistance \u00e0 eau qui reproduit la dynamique physique d&#039;un aviron glissant sur l&#039;eau. Son design naturel fait qu&#039;il s&#039;int\u00e8gre avec \u00e9l\u00e9gance dans n&#039;importe quel lieu, cabinet de kin\u00e9sith\u00e9rapie, centre de r\u00e9\u00e9ducation ou m\u00eame \u00e0 la maison. Il combine \u00e0 la perfection esth\u00e9tisme et efficacit\u00e9.\" \/>\n<meta property=\"og:url\" content=\"https:\/\/concept-sport.com\/index.php\/produit\/rameur-original-s4-frene\/\" \/>\n<meta property=\"og:site_name\" content=\"Concept Sport\" \/>\n<meta property=\"og:image\" content=\"https:\/\/concept-sport.com\/wp-content\/uploads\/2025\/07\/waterrower-s4-01.jpg\" \/>\n\t<meta property=\"og:image:width\" content=\"1600\" \/>\n\t<meta property=\"og:image:height\" content=\"1600\" \/>\n\t<meta property=\"og:image:type\" content=\"image\/jpeg\" \/>\n<meta name=\"twitter:card\" content=\"summary_large_image\" \/>\n<meta name=\"twitter:label1\" content=\"Dur\u00e9e de lecture estim\u00e9e\" \/>\n\t<meta name=\"twitter:data1\" content=\"2 minutes\" \/>\n<script type=\"application\/ld+json\" class=\"yoast-schema-graph\">{\"@context\":\"https:\/\/schema.org\",\"@graph\":[{\"@type\":\"WebPage\",\"@id\":\"https:\/\/concept-sport.com\/index.php\/produit\/rameur-original-s4-frene\/\",\"url\":\"https:\/\/concept-sport.com\/index.php\/produit\/rameur-original-s4-frene\/\",\"name\":\"Rameur original S4 fr\u00eane - Concept Sport\",\"isPartOf\":{\"@id\":\"https:\/\/concept-sport.com\/#website\"},\"primaryImageOfPage\":{\"@id\":\"https:\/\/concept-sport.com\/index.php\/produit\/rameur-original-s4-frene\/#primaryimage\"},\"image\":{\"@id\":\"https:\/\/concept-sport.com\/index.php\/produit\/rameur-original-s4-frene\/#primaryimage\"},\"thumbnailUrl\":\"https:\/\/concept-sport.com\/wp-content\/uploads\/2025\/07\/waterrower-s4-01.jpg\",\"datePublished\":\"2025-07-14T18:19:02+00:00\",\"breadcrumb\":{\"@id\":\"https:\/\/concept-sport.com\/index.php\/produit\/rameur-original-s4-frene\/#breadcrumb\"},\"inLanguage\":\"fr-FR\",\"potentialAction\":[{\"@type\":\"ReadAction\",\"target\":[\"https:\/\/concept-sport.com\/index.php\/produit\/rameur-original-s4-frene\/\"]}]},{\"@type\":\"ImageObject\",\"inLanguage\":\"fr-FR\",\"@id\":\"https:\/\/concept-sport.com\/index.php\/produit\/rameur-original-s4-frene\/#primaryimage\",\"url\":\"https:\/\/concept-sport.com\/wp-content\/uploads\/2025\/07\/waterrower-s4-01.jpg\",\"contentUrl\":\"https:\/\/concept-sport.com\/wp-content\/uploads\/2025\/07\/waterrower-s4-01.jpg\",\"width\":1600,\"height\":1600},{\"@type\":\"BreadcrumbList\",\"@id\":\"https:\/\/concept-sport.com\/index.php\/produit\/rameur-original-s4-frene\/#breadcrumb\",\"itemListElement\":[{\"@type\":\"ListItem\",\"position\":1,\"name\":\"Accueil\",\"item\":\"https:\/\/concept-sport.com\/\"},{\"@type\":\"ListItem\",\"position\":2,\"name\":\"Boutique\",\"item\":\"https:\/\/concept-sport.com\/index.php\/boutique\/\"},{\"@type\":\"ListItem\",\"position\":3,\"name\":\"Rameur original S4 fr\u00eane\"}]},{\"@type\":\"WebSite\",\"@id\":\"https:\/\/concept-sport.com\/#website\",\"url\":\"https:\/\/concept-sport.com\/\",\"name\":\"Concept Sport\",\"description\":\"Mat\u00e9riel de sport &amp; \u00e9quipement sportif\",\"potentialAction\":[{\"@type\":\"SearchAction\",\"target\":{\"@type\":\"EntryPoint\",\"urlTemplate\":\"https:\/\/concept-sport.com\/?s={search_term_string}\"},\"query-input\":{\"@type\":\"PropertyValueSpecification\",\"valueRequired\":true,\"valueName\":\"search_term_string\"}}],\"inLanguage\":\"fr-FR\"}]}<\/script>\n<!-- \/ Yoast SEO plugin. -->","yoast_head_json":{"title":"Rameur original S4 fr\u00eane - Concept Sport","robots":{"index":"index","follow":"follow","max-snippet":"max-snippet:-1","max-image-preview":"max-image-preview:large","max-video-preview":"max-video-preview:-1"},"canonical":"https:\/\/concept-sport.com\/index.php\/produit\/rameur-original-s4-frene\/","og_locale":"fr_FR","og_type":"article","og_title":"Rameur original S4 fr\u00eane - Concept Sport","og_description":"Marque WATERROWER   \u00c9tat Neuf   Longueur 210 cm   Largeur 56 cm   Hauteur 53 cm - 30 cm (hauteur d'assise)   Poids 30,5 kg   Poids max support\u00e9 150 kg       Une sensation de glisse incomparable     Le\u00a0rameur WaterRower fr\u00eane\u00a0est fabriqu\u00e9 de fa\u00e7on artisanale en bois massif labellis\u00e9 avec une finition huil\u00e9e \u00e0 la main. Ce rameur \u00e0 double rail et \u00e0\u00a0r\u00e9sistance \u00e0 eau\u00a0dispose du\u00a0moniteur S4\u00a0qui affiche temps, distance, intensit\u00e9 et fr\u00e9quence des mouvements.  Vous recherchez un\u00a0rameur \u00e0 eau\u00a0design et performant ? Le\u00a0S4 Water Rower\u00a0utilise la technologie de la r\u00e9sistance \u00e0 eau qui reproduit la dynamique physique d'un aviron glissant sur l'eau. Son design naturel fait qu'il s'int\u00e8gre avec \u00e9l\u00e9gance dans n'importe quel lieu, cabinet de kin\u00e9sith\u00e9rapie, centre de r\u00e9\u00e9ducation ou m\u00eame \u00e0 la maison. Il combine \u00e0 la perfection esth\u00e9tisme et efficacit\u00e9.","og_url":"https:\/\/concept-sport.com\/index.php\/produit\/rameur-original-s4-frene\/","og_site_name":"Concept Sport","og_image":[{"width":1600,"height":1600,"url":"https:\/\/concept-sport.com\/wp-content\/uploads\/2025\/07\/waterrower-s4-01.jpg","type":"image\/jpeg"}],"twitter_card":"summary_large_image","twitter_misc":{"Dur\u00e9e de lecture estim\u00e9e":"2 minutes"},"schema":{"@context":"https:\/\/schema.org","@graph":[{"@type":"WebPage","@id":"https:\/\/concept-sport.com\/index.php\/produit\/rameur-original-s4-frene\/","url":"https:\/\/concept-sport.com\/index.php\/produit\/rameur-original-s4-frene\/","name":"Rameur original S4 fr\u00eane - Concept Sport","isPartOf":{"@id":"https:\/\/concept-sport.com\/#website"},"primaryImageOfPage":{"@id":"https:\/\/concept-sport.com\/index.php\/produit\/rameur-original-s4-frene\/#primaryimage"},"image":{"@id":"https:\/\/concept-sport.com\/index.php\/produit\/rameur-original-s4-frene\/#primaryimage"},"thumbnailUrl":"https:\/\/concept-sport.com\/wp-content\/uploads\/2025\/07\/waterrower-s4-01.jpg","datePublished":"2025-07-14T18:19:02+00:00","breadcrumb":{"@id":"https:\/\/concept-sport.com\/index.php\/produit\/rameur-original-s4-frene\/#breadcrumb"},"inLanguage":"fr-FR","potentialAction":[{"@type":"ReadAction","target":["https:\/\/concept-sport.com\/index.php\/produit\/rameur-original-s4-frene\/"]}]},{"@type":"ImageObject","inLanguage":"fr-FR","@id":"https:\/\/concept-sport.com\/index.php\/produit\/rameur-original-s4-frene\/#primaryimage","url":"https:\/\/concept-sport.com\/wp-content\/uploads\/2025\/07\/waterrower-s4-01.jpg","contentUrl":"https:\/\/concept-sport.com\/wp-content\/uploads\/2025\/07\/waterrower-s4-01.jpg","width":1600,"height":1600},{"@type":"BreadcrumbList","@id":"https:\/\/concept-sport.com\/index.php\/produit\/rameur-original-s4-frene\/#breadcrumb","itemListElement":[{"@type":"ListItem","position":1,"name":"Accueil","item":"https:\/\/concept-sport.com\/"},{"@type":"ListItem","position":2,"name":"Boutique","item":"https:\/\/concept-sport.com\/index.php\/boutique\/"},{"@type":"ListItem","position":3,"name":"Rameur original S4 fr\u00eane"}]},{"@type":"WebSite","@id":"https:\/\/concept-sport.com\/#website","url":"https:\/\/concept-sport.com\/","name":"Concept Sport","description":"Mat\u00e9riel de sport &amp; \u00e9quipement sportif","potentialAction":[{"@type":"SearchAction","target":{"@type":"EntryPoint","urlTemplate":"https:\/\/concept-sport.com\/?s={search_term_string}"},"query-input":{"@type":"PropertyValueSpecification","valueRequired":true,"valueName":"search_term_string"}}],"inLanguage":"fr-FR"}]}},"_links":{"self":[{"href":"https:\/\/concept-sport.com\/index.php\/wp-json\/wp\/v2\/product\/17995","targetHints":{"allow":["GET"]}}],"collection":[{"href":"https:\/\/concept-sport.com\/index.php\/wp-json\/wp\/v2\/product"}],"about":[{"href":"https:\/\/concept-sport.com\/index.php\/wp-json\/wp\/v2\/types\/product"}],"replies":[{"embeddable":true,"href":"https:\/\/concept-sport.com\/index.php\/wp-json\/wp\/v2\/comments?post=17995"}],"version-history":[{"count":1,"href":"https:\/\/concept-sport.com\/index.php\/wp-json\/wp\/v2\/product\/17995\/revisions"}],"predecessor-version":[{"id":18003,"href":"https:\/\/concept-sport.com\/index.php\/wp-json\/wp\/v2\/product\/17995\/revisions\/18003"}],"wp:featuredmedia":[{"embeddable":true,"href":"https:\/\/concept-sport.com\/index.php\/wp-json\/wp\/v2\/media\/18002"}],"wp:attachment":[{"href":"https:\/\/concept-sport.com\/index.php\/wp-json\/wp\/v2\/media?parent=17995"}],"wp:term":[{"taxonomy":"product_brand","embeddable":true,"href":"https:\/\/concept-sport.com\/index.php\/wp-json\/wp\/v2\/product_brand?post=17995"},{"taxonomy":"product_cat","embeddable":true,"href":"https:\/\/concept-sport.com\/index.php\/wp-json\/wp\/v2\/product_cat?post=17995"},{"taxonomy":"product_tag","embeddable":true,"href":"https:\/\/concept-sport.com\/index.php\/wp-json\/wp\/v2\/product_tag?post=17995"}],"curies":[{"name":"wp","href":"https:\/\/api.w.org\/{rel}","templated":true}]}}