{"id":17984,"date":"2025-07-14T20:11:44","date_gmt":"2025-07-14T18:11:44","guid":{"rendered":"https:\/\/concept-sport.com\/?post_type=product&#038;p=17984"},"modified":"2025-07-14T20:11:44","modified_gmt":"2025-07-14T18:11:44","slug":"neezee-rameur-domestique-avec-rail-en-aluminium-avec-support-de-tablette-resistance-a-leau-et-ecran-lcd","status":"publish","type":"product","link":"https:\/\/concept-sport.com\/index.php\/produit\/neezee-rameur-domestique-avec-rail-en-aluminium-avec-support-de-tablette-resistance-a-leau-et-ecran-lcd\/","title":{"rendered":"Neezee rameur domestique avec rail en aluminium, avec support de tablette, r\u00e9sistance \u00e0 l&rsquo;eau et \u00e9cran LCD"},"content":{"rendered":"<ul class=\"a-unordered-list a-vertical a-spacing-mini\">\n<li class=\"a-spacing-mini\"><span class=\"a-list-item\">Rameur de gym \u00e0 domicile : Neezee se concentre sur le d\u00e9veloppement et la conception d&rsquo;\u00e9quipements de fitness \u00e0 grande \u00e9chelle. Apr\u00e8s inspection par 100 ing\u00e9nieurs et 2 000 experts en fitness, nous avons lanc\u00e9 ce rameur \u00e0 double piste, qui utilise un syst\u00e8me de volant d&rsquo;inertie \u00e0 r\u00e9sistance magn\u00e9tique silencieux. Chaque action d&rsquo;aviron peut exercer plus de 85 % des groupes musculaires du corps, vous apportant une exp\u00e9rience d&rsquo;aviron parfaite et r\u00e9elle en plein air. (Obtenir de l&rsquo;aide \u00e0 la commande : 1. Cliquez sur le nom d&rsquo;utilisateur du vendeur pour poser des questions, 2. Contact via les commandes pass\u00e9es.)<\/span><\/li>\n<li class=\"a-spacing-mini\"><span class=\"a-list-item\">16 niveaux de r\u00e9sistance : le syst\u00e8me de volant d&rsquo;inertie magn\u00e9tique silencieux offre 16 niveaux de r\u00e9sistance, et chaque traction produit une action d&rsquo;aviron fluide et silencieuse. Il suffit de tourner le bouton pour r\u00e9gler la r\u00e9sistance en 1 seconde, 1 \u00e0 8 niveaux de r\u00e9sistance sont adapt\u00e9s pour l&rsquo;entra\u00eenement a\u00e9robique pour les d\u00e9butants, et 9 \u00e0 16 niveaux de r\u00e9sistance sont adapt\u00e9s pour l&rsquo;entra\u00eenement en force pour les professionnels. (\u00c9quip\u00e9 d&rsquo;un volant d&rsquo;inertie de 5,5 kg, il peut fournir 30 kg de r\u00e9sistance).<\/span><\/li>\n<li class=\"a-spacing-mini\"><span class=\"a-list-item\">\u3010Moniteur LCD compatible avec les applications\u3011Ce rameur est \u00e9quip\u00e9 d&rsquo;un grand \u00e9cran d&rsquo;affichage, ce qui permet de visualiser facilement toutes vos statistiques de remise en forme, telles que les scans, la distance, les comptes, le temps total, le temps et les calories, pour vous aider \u00e0 d\u00e9velopper un plan de remise en forme. Le cadre de support de l&rsquo;\u00e9cran peut \u00eatre ajust\u00e9 \u00e0 un angle, adapt\u00e9 \u00e0 une vari\u00e9t\u00e9 d&rsquo;utilisateurs. En outre, notre rameur peut \u00eatre connect\u00e9 \u00e0 l&rsquo;application Kinomap via Bluetooth, vous pouvez acc\u00e9der \u00e0 des plans d&rsquo;exercices personnalis\u00e9s et des itin\u00e9raires panoramiques, et suivre votre exercice via votre appareil mobile. (L&rsquo;application Kinomap n\u00e9cessite un abonnement payant suppl\u00e9mentaire).<\/span><\/li>\n<li class=\"a-spacing-mini\"><span class=\"a-list-item\">Rameur stable \u00e0 double voie : le design \u00e0 double voie rend ce rameur plus stable qu&rsquo;une seule piste, l&#8217;emp\u00eachant de basculer lors de l&rsquo;utilisation. La piste \u00e9tendue peut accueillir des personnes mesurant jusqu&rsquo;\u00e0 205 cm de haut, offrant suffisamment d&rsquo;espace pour \u00e9tendre et r\u00e9tracter vos jambes. Le stabilisateur de sol personnalis\u00e9 aide \u00e0 maintenir l&rsquo;\u00e9quilibre sur les sols in\u00e9gaux sans vous soucier de secouer\/incliner, apportant une exp\u00e9rience d&rsquo;aviron r\u00e9elle et stable.<\/span><\/li>\n<li class=\"a-spacing-mini\"><span class=\"a-list-item\">Facile \u00e0 assembler et \u00e9conomiser de l&rsquo;espace : 85 % des composants de ce rameur sont pr\u00e9-assembl\u00e9s, et la plupart des utilisateurs peuvent facilement terminer l&rsquo;assemblage en 30 minutes. Le rameur est \u00e9quip\u00e9 de roues de transport silencieuses int\u00e9gr\u00e9es, qui peuvent \u00eatre d\u00e9plac\u00e9es ou rang\u00e9es verticalement contre le mur par simple inclinaison et roulement. Dimensions du produit (L x l x H) : 155 x 26 x 60 cm<\/span><\/li>\n<li class=\"a-spacing-mini\"><span class=\"a-list-item\">Assistance 24 heures : le colis comprend des instructions de montage (fran\u00e7ais non garanti) et toutes les pi\u00e8ces n\u00e9cessaires. Nous promettons des retours gratuits dans un d\u00e9lai d&rsquo;un mois et de deux ans pour les pi\u00e8ces de rechange. Tous les messages seront r\u00e9pondus dans les 24 heures. (Obtenir de l&rsquo;aide pour la commande : 1. Cliquez sur le nom d&rsquo;utilisateur du vendeur pour poser des questions, 2. Contactez lors de commandes pass\u00e9es.)<\/span><\/li>\n<\/ul>\n<p>&nbsp;<\/p>\n<table id=\"productDetails_techSpec_section_1\" class=\"a-keyvalue prodDetTable\">\n<tbody>\n<tr>\n<th class=\"a-color-secondary a-size-base prodDetSectionEntry\">Couleur<\/th>\n<td class=\"a-size-base prodDetAttrValue\">\u200eNoir<\/td>\n<\/tr>\n<tr>\n<th class=\"a-color-secondary a-size-base prodDetSectionEntry\">Taille<\/th>\n<td class=\"a-size-base prodDetAttrValue\">\u200e\u200eM<\/td>\n<\/tr>\n<tr>\n<th class=\"a-color-secondary a-size-base prodDetSectionEntry\">Style<\/th>\n<td class=\"a-size-base prodDetAttrValue\">\u200e\u00c9cran LCD (Bluetooth)<\/td>\n<\/tr>\n<tr>\n<th class=\"a-color-secondary a-size-base prodDetSectionEntry\">Type d&rsquo;\u00e9cran<\/th>\n<td class=\"a-size-base prodDetAttrValue\">\u200eLCD<\/td>\n<\/tr>\n<tr>\n<th class=\"a-color-secondary a-size-base prodDetSectionEntry\">Mat\u00e9riau du cadre<\/th>\n<td class=\"a-size-base prodDetAttrValue\">\u200eAluminium<\/td>\n<\/tr>\n<tr>\n<th class=\"a-color-secondary a-size-base prodDetSectionEntry\">Type de mat\u00e9riau<\/th>\n<td class=\"a-size-base prodDetAttrValue\">\u200eAluminium<\/td>\n<\/tr>\n<tr>\n<th class=\"a-color-secondary a-size-base prodDetSectionEntry\">M\u00e8tre<\/th>\n<td class=\"a-size-base prodDetAttrValue\">\u200eLCD Monitor<\/td>\n<\/tr>\n<tr>\n<th class=\"a-color-secondary a-size-base prodDetSectionEntry\">Source d&rsquo;\u00e9nergie<\/th>\n<td class=\"a-size-base prodDetAttrValue\">\u200eManuel d&rsquo;utilisation (fran\u00e7ais<\/td>\n<\/tr>\n<tr>\n<th class=\"a-color-secondary a-size-base prodDetSectionEntry\">Fonctionnalit\u00e9s<\/th>\n<td class=\"a-size-base prodDetAttrValue\">\u200eR\u00e9sistance r\u00e9glable<\/td>\n<\/tr>\n<tr>\n<th class=\"a-color-secondary a-size-base prodDetSectionEntry\">Composants inclus<\/th>\n<td class=\"a-size-base prodDetAttrValue\">\u200e1 manuel (fran\u00e7ais non garanti), 1 rameur, 1 kit d&rsquo;outils<\/td>\n<\/tr>\n<tr>\n<th class=\"a-color-secondary a-size-base prodDetSectionEntry\">Piles incluses ?<\/th>\n<td class=\"a-size-base prodDetAttrValue\">\u200eNon<\/td>\n<\/tr>\n<tr>\n<th class=\"a-color-secondary a-size-base prodDetSectionEntry\">Marque<\/th>\n<td class=\"a-size-base prodDetAttrValue\">\u200eNeezee<\/td>\n<\/tr>\n<tr>\n<th class=\"a-color-secondary a-size-base prodDetSectionEntry\">Fabricant<\/th>\n<td class=\"a-size-base prodDetAttrValue\">\u200eNeezee<\/td>\n<\/tr>\n<tr>\n<th class=\"a-color-secondary a-size-base prodDetSectionEntry\">Dimensions du produit (L x l x h)<\/th>\n<td class=\"a-size-base prodDetAttrValue\">\u200e155 x 26 x 60 cm; 21 kilogrammes<\/td>\n<\/tr>\n<tr>\n<th class=\"a-color-secondary a-size-base prodDetSectionEntry\">ASIN<\/th>\n<td class=\"a-size-base prodDetAttrValue\">\u200eB0F32NZMYJ<\/td>\n<\/tr>\n<\/tbody>\n<\/table>\n","protected":false},"excerpt":{"rendered":"<table class=\"a-normal a-spacing-micro\">\n<tbody>\n<tr class=\"a-spacing-small po-brand\">\n<td class=\"a-span3\"><span class=\"a-size-base a-text-bold\">Marque<\/span><\/td>\n<td class=\"a-span9\"><span class=\"a-size-base po-break-word\">Neezee<\/span><\/td>\n<\/tr>\n<tr class=\"a-spacing-small po-special_feature\">\n<td class=\"a-span3\"><span class=\"a-size-base a-text-bold\">Caract\u00e9ristique sp\u00e9ciale<\/span><\/td>\n<td class=\"a-span9\"><span class=\"a-size-base po-break-word\">R\u00e9sistance r\u00e9glable<\/span><\/td>\n<\/tr>\n<tr class=\"a-spacing-small po-color\">\n<td class=\"a-span3\"><span class=\"a-size-base a-text-bold\">Couleur<\/span><\/td>\n<td class=\"a-span9\"><span class=\"a-size-base po-break-word\">Noir<\/span><\/td>\n<\/tr>\n<tr class=\"a-spacing-small po-resistance_mechanism\">\n<td class=\"a-span3\"><span class=\"a-size-base a-text-bold\">M\u00e9canisme de r\u00e9sistance<\/span><\/td>\n<td class=\"a-span9\"><span class=\"a-size-base po-break-word\">Magn\u00e9tique<\/span><\/td>\n<\/tr>\n<tr class=\"a-spacing-small po-item_depth_width_height\">\n<td class=\"a-span3\"><span class=\"a-size-base a-text-bold\">Dimensions du produit<\/span><\/td>\n<td class=\"a-span9\"><span class=\"a-size-base po-break-word\">155P x 26l x 60H centim\u00e8tres<\/span><\/td>\n<\/tr>\n<tr class=\"a-spacing-small po-maximum_weight_recommendation\">\n<td class=\"a-span3\"><span class=\"a-size-base a-text-bold\">Recommandation de poids maximum<\/span><\/td>\n<td class=\"a-span9\"><span class=\"a-size-base po-break-word\">130 Kilogrammes<\/span><\/td>\n<\/tr>\n<tr class=\"a-spacing-small po-meter_type\">\n<td class=\"a-span3\"><span class=\"a-size-base a-text-bold\">Type de compteur<\/span><\/td>\n<td class=\"a-span9\"><span class=\"a-size-base po-break-word\">LCD Monitor<\/span><\/td>\n<\/tr>\n<tr class=\"a-spacing-small po-model_name\">\n<td class=\"a-span3\"><span class=\"a-size-base a-text-bold\">Nom de mod\u00e8le<\/span><\/td>\n<td class=\"a-span9\"><span class=\"a-size-base po-break-word\">Rw505-rm<\/span><\/td>\n<\/tr>\n<tr class=\"a-spacing-small po-frame.material\">\n<td class=\"a-span3\"><span class=\"a-size-base a-text-bold\">Mat\u00e9riau du cadre<\/span><\/td>\n<td class=\"a-span9\"><span class=\"a-size-base po-break-word\">Aluminium<\/span><\/td>\n<\/tr>\n<tr class=\"a-spacing-small po-tension_level\">\n<td class=\"a-span3\"><span class=\"a-size-base a-text-bold\">Niveau de tension<\/span><\/td>\n<td class=\"a-span9\"><span class=\"a-size-base po-break-word\">1 \u00e0 16<\/span><\/td>\n<\/tr>\n<\/tbody>\n<\/table>\n","protected":false},"featured_media":17993,"comment_status":"open","ping_status":"closed","template":"","meta":[],"product_brand":[],"product_cat":[79],"product_tag":[],"class_list":{"0":"post-17984","1":"product","2":"type-product","3":"status-publish","4":"has-post-thumbnail","6":"product_cat-rameur","8":"first","9":"instock","10":"sale","11":"taxable","12":"shipping-taxable","13":"purchasable","14":"product-type-simple"},"yoast_head":"<!-- This site is optimized with the Yoast SEO plugin v24.8.1 - https:\/\/yoast.com\/wordpress\/plugins\/seo\/ -->\n<title>Neezee rameur domestique avec rail en aluminium, avec support de tablette, r\u00e9sistance \u00e0 l&#039;eau et \u00e9cran LCD - Concept Sport<\/title>\n<meta name=\"robots\" content=\"index, follow, max-snippet:-1, max-image-preview:large, max-video-preview:-1\" \/>\n<link rel=\"canonical\" href=\"https:\/\/concept-sport.com\/index.php\/produit\/neezee-rameur-domestique-avec-rail-en-aluminium-avec-support-de-tablette-resistance-a-leau-et-ecran-lcd\/\" \/>\n<meta property=\"og:locale\" content=\"fr_FR\" \/>\n<meta property=\"og:type\" content=\"article\" \/>\n<meta property=\"og:title\" content=\"Neezee rameur domestique avec rail en aluminium, avec support de tablette, r\u00e9sistance \u00e0 l&#039;eau et \u00e9cran LCD - Concept Sport\" \/>\n<meta property=\"og:description\" content=\"Marque Neezee   Caract\u00e9ristique sp\u00e9ciale R\u00e9sistance r\u00e9glable   Couleur Noir   M\u00e9canisme de r\u00e9sistance Magn\u00e9tique   Dimensions du produit 155P x 26l x 60H centim\u00e8tres   Recommandation de poids maximum 130 Kilogrammes   Type de compteur LCD Monitor   Nom de mod\u00e8le Rw505-rm   Mat\u00e9riau du cadre Aluminium   Niveau de tension 1 \u00e0 16\" \/>\n<meta property=\"og:url\" content=\"https:\/\/concept-sport.com\/index.php\/produit\/neezee-rameur-domestique-avec-rail-en-aluminium-avec-support-de-tablette-resistance-a-leau-et-ecran-lcd\/\" \/>\n<meta property=\"og:site_name\" content=\"Concept Sport\" \/>\n<meta property=\"og:image\" content=\"https:\/\/concept-sport.com\/wp-content\/uploads\/2025\/07\/619sXvJQ0mL._AC_SL1500_.jpg\" \/>\n\t<meta property=\"og:image:width\" content=\"1500\" \/>\n\t<meta property=\"og:image:height\" content=\"1065\" \/>\n\t<meta property=\"og:image:type\" content=\"image\/jpeg\" \/>\n<meta name=\"twitter:card\" content=\"summary_large_image\" \/>\n<meta name=\"twitter:label1\" content=\"Dur\u00e9e de lecture estim\u00e9e\" \/>\n\t<meta name=\"twitter:data1\" content=\"4 minutes\" \/>\n<script type=\"application\/ld+json\" class=\"yoast-schema-graph\">{\"@context\":\"https:\/\/schema.org\",\"@graph\":[{\"@type\":\"WebPage\",\"@id\":\"https:\/\/concept-sport.com\/index.php\/produit\/neezee-rameur-domestique-avec-rail-en-aluminium-avec-support-de-tablette-resistance-a-leau-et-ecran-lcd\/\",\"url\":\"https:\/\/concept-sport.com\/index.php\/produit\/neezee-rameur-domestique-avec-rail-en-aluminium-avec-support-de-tablette-resistance-a-leau-et-ecran-lcd\/\",\"name\":\"Neezee rameur domestique avec rail en aluminium, avec support de tablette, r\u00e9sistance \u00e0 l'eau et \u00e9cran LCD - Concept Sport\",\"isPartOf\":{\"@id\":\"https:\/\/concept-sport.com\/#website\"},\"primaryImageOfPage\":{\"@id\":\"https:\/\/concept-sport.com\/index.php\/produit\/neezee-rameur-domestique-avec-rail-en-aluminium-avec-support-de-tablette-resistance-a-leau-et-ecran-lcd\/#primaryimage\"},\"image\":{\"@id\":\"https:\/\/concept-sport.com\/index.php\/produit\/neezee-rameur-domestique-avec-rail-en-aluminium-avec-support-de-tablette-resistance-a-leau-et-ecran-lcd\/#primaryimage\"},\"thumbnailUrl\":\"https:\/\/concept-sport.com\/wp-content\/uploads\/2025\/07\/619sXvJQ0mL._AC_SL1500_.jpg\",\"datePublished\":\"2025-07-14T18:11:44+00:00\",\"breadcrumb\":{\"@id\":\"https:\/\/concept-sport.com\/index.php\/produit\/neezee-rameur-domestique-avec-rail-en-aluminium-avec-support-de-tablette-resistance-a-leau-et-ecran-lcd\/#breadcrumb\"},\"inLanguage\":\"fr-FR\",\"potentialAction\":[{\"@type\":\"ReadAction\",\"target\":[\"https:\/\/concept-sport.com\/index.php\/produit\/neezee-rameur-domestique-avec-rail-en-aluminium-avec-support-de-tablette-resistance-a-leau-et-ecran-lcd\/\"]}]},{\"@type\":\"ImageObject\",\"inLanguage\":\"fr-FR\",\"@id\":\"https:\/\/concept-sport.com\/index.php\/produit\/neezee-rameur-domestique-avec-rail-en-aluminium-avec-support-de-tablette-resistance-a-leau-et-ecran-lcd\/#primaryimage\",\"url\":\"https:\/\/concept-sport.com\/wp-content\/uploads\/2025\/07\/619sXvJQ0mL._AC_SL1500_.jpg\",\"contentUrl\":\"https:\/\/concept-sport.com\/wp-content\/uploads\/2025\/07\/619sXvJQ0mL._AC_SL1500_.jpg\",\"width\":1500,\"height\":1065},{\"@type\":\"BreadcrumbList\",\"@id\":\"https:\/\/concept-sport.com\/index.php\/produit\/neezee-rameur-domestique-avec-rail-en-aluminium-avec-support-de-tablette-resistance-a-leau-et-ecran-lcd\/#breadcrumb\",\"itemListElement\":[{\"@type\":\"ListItem\",\"position\":1,\"name\":\"Accueil\",\"item\":\"https:\/\/concept-sport.com\/\"},{\"@type\":\"ListItem\",\"position\":2,\"name\":\"Boutique\",\"item\":\"https:\/\/concept-sport.com\/index.php\/boutique\/\"},{\"@type\":\"ListItem\",\"position\":3,\"name\":\"Neezee rameur domestique avec rail en aluminium, avec support de tablette, r\u00e9sistance \u00e0 l&rsquo;eau et \u00e9cran LCD\"}]},{\"@type\":\"WebSite\",\"@id\":\"https:\/\/concept-sport.com\/#website\",\"url\":\"https:\/\/concept-sport.com\/\",\"name\":\"Concept Sport\",\"description\":\"Mat\u00e9riel de sport &amp; \u00e9quipement sportif\",\"potentialAction\":[{\"@type\":\"SearchAction\",\"target\":{\"@type\":\"EntryPoint\",\"urlTemplate\":\"https:\/\/concept-sport.com\/?s={search_term_string}\"},\"query-input\":{\"@type\":\"PropertyValueSpecification\",\"valueRequired\":true,\"valueName\":\"search_term_string\"}}],\"inLanguage\":\"fr-FR\"}]}<\/script>\n<!-- \/ Yoast SEO plugin. -->","yoast_head_json":{"title":"Neezee rameur domestique avec rail en aluminium, avec support de tablette, r\u00e9sistance \u00e0 l'eau et \u00e9cran LCD - Concept Sport","robots":{"index":"index","follow":"follow","max-snippet":"max-snippet:-1","max-image-preview":"max-image-preview:large","max-video-preview":"max-video-preview:-1"},"canonical":"https:\/\/concept-sport.com\/index.php\/produit\/neezee-rameur-domestique-avec-rail-en-aluminium-avec-support-de-tablette-resistance-a-leau-et-ecran-lcd\/","og_locale":"fr_FR","og_type":"article","og_title":"Neezee rameur domestique avec rail en aluminium, avec support de tablette, r\u00e9sistance \u00e0 l'eau et \u00e9cran LCD - Concept Sport","og_description":"Marque Neezee   Caract\u00e9ristique sp\u00e9ciale R\u00e9sistance r\u00e9glable   Couleur Noir   M\u00e9canisme de r\u00e9sistance Magn\u00e9tique   Dimensions du produit 155P x 26l x 60H centim\u00e8tres   Recommandation de poids maximum 130 Kilogrammes   Type de compteur LCD Monitor   Nom de mod\u00e8le Rw505-rm   Mat\u00e9riau du cadre Aluminium   Niveau de tension 1 \u00e0 16","og_url":"https:\/\/concept-sport.com\/index.php\/produit\/neezee-rameur-domestique-avec-rail-en-aluminium-avec-support-de-tablette-resistance-a-leau-et-ecran-lcd\/","og_site_name":"Concept Sport","og_image":[{"width":1500,"height":1065,"url":"https:\/\/concept-sport.com\/wp-content\/uploads\/2025\/07\/619sXvJQ0mL._AC_SL1500_.jpg","type":"image\/jpeg"}],"twitter_card":"summary_large_image","twitter_misc":{"Dur\u00e9e de lecture estim\u00e9e":"4 minutes"},"schema":{"@context":"https:\/\/schema.org","@graph":[{"@type":"WebPage","@id":"https:\/\/concept-sport.com\/index.php\/produit\/neezee-rameur-domestique-avec-rail-en-aluminium-avec-support-de-tablette-resistance-a-leau-et-ecran-lcd\/","url":"https:\/\/concept-sport.com\/index.php\/produit\/neezee-rameur-domestique-avec-rail-en-aluminium-avec-support-de-tablette-resistance-a-leau-et-ecran-lcd\/","name":"Neezee rameur domestique avec rail en aluminium, avec support de tablette, r\u00e9sistance \u00e0 l'eau et \u00e9cran LCD - Concept Sport","isPartOf":{"@id":"https:\/\/concept-sport.com\/#website"},"primaryImageOfPage":{"@id":"https:\/\/concept-sport.com\/index.php\/produit\/neezee-rameur-domestique-avec-rail-en-aluminium-avec-support-de-tablette-resistance-a-leau-et-ecran-lcd\/#primaryimage"},"image":{"@id":"https:\/\/concept-sport.com\/index.php\/produit\/neezee-rameur-domestique-avec-rail-en-aluminium-avec-support-de-tablette-resistance-a-leau-et-ecran-lcd\/#primaryimage"},"thumbnailUrl":"https:\/\/concept-sport.com\/wp-content\/uploads\/2025\/07\/619sXvJQ0mL._AC_SL1500_.jpg","datePublished":"2025-07-14T18:11:44+00:00","breadcrumb":{"@id":"https:\/\/concept-sport.com\/index.php\/produit\/neezee-rameur-domestique-avec-rail-en-aluminium-avec-support-de-tablette-resistance-a-leau-et-ecran-lcd\/#breadcrumb"},"inLanguage":"fr-FR","potentialAction":[{"@type":"ReadAction","target":["https:\/\/concept-sport.com\/index.php\/produit\/neezee-rameur-domestique-avec-rail-en-aluminium-avec-support-de-tablette-resistance-a-leau-et-ecran-lcd\/"]}]},{"@type":"ImageObject","inLanguage":"fr-FR","@id":"https:\/\/concept-sport.com\/index.php\/produit\/neezee-rameur-domestique-avec-rail-en-aluminium-avec-support-de-tablette-resistance-a-leau-et-ecran-lcd\/#primaryimage","url":"https:\/\/concept-sport.com\/wp-content\/uploads\/2025\/07\/619sXvJQ0mL._AC_SL1500_.jpg","contentUrl":"https:\/\/concept-sport.com\/wp-content\/uploads\/2025\/07\/619sXvJQ0mL._AC_SL1500_.jpg","width":1500,"height":1065},{"@type":"BreadcrumbList","@id":"https:\/\/concept-sport.com\/index.php\/produit\/neezee-rameur-domestique-avec-rail-en-aluminium-avec-support-de-tablette-resistance-a-leau-et-ecran-lcd\/#breadcrumb","itemListElement":[{"@type":"ListItem","position":1,"name":"Accueil","item":"https:\/\/concept-sport.com\/"},{"@type":"ListItem","position":2,"name":"Boutique","item":"https:\/\/concept-sport.com\/index.php\/boutique\/"},{"@type":"ListItem","position":3,"name":"Neezee rameur domestique avec rail en aluminium, avec support de tablette, r\u00e9sistance \u00e0 l&rsquo;eau et \u00e9cran LCD"}]},{"@type":"WebSite","@id":"https:\/\/concept-sport.com\/#website","url":"https:\/\/concept-sport.com\/","name":"Concept Sport","description":"Mat\u00e9riel de sport &amp; \u00e9quipement sportif","potentialAction":[{"@type":"SearchAction","target":{"@type":"EntryPoint","urlTemplate":"https:\/\/concept-sport.com\/?s={search_term_string}"},"query-input":{"@type":"PropertyValueSpecification","valueRequired":true,"valueName":"search_term_string"}}],"inLanguage":"fr-FR"}]}},"_links":{"self":[{"href":"https:\/\/concept-sport.com\/index.php\/wp-json\/wp\/v2\/product\/17984","targetHints":{"allow":["GET"]}}],"collection":[{"href":"https:\/\/concept-sport.com\/index.php\/wp-json\/wp\/v2\/product"}],"about":[{"href":"https:\/\/concept-sport.com\/index.php\/wp-json\/wp\/v2\/types\/product"}],"replies":[{"embeddable":true,"href":"https:\/\/concept-sport.com\/index.php\/wp-json\/wp\/v2\/comments?post=17984"}],"version-history":[{"count":1,"href":"https:\/\/concept-sport.com\/index.php\/wp-json\/wp\/v2\/product\/17984\/revisions"}],"predecessor-version":[{"id":17994,"href":"https:\/\/concept-sport.com\/index.php\/wp-json\/wp\/v2\/product\/17984\/revisions\/17994"}],"wp:featuredmedia":[{"embeddable":true,"href":"https:\/\/concept-sport.com\/index.php\/wp-json\/wp\/v2\/media\/17993"}],"wp:attachment":[{"href":"https:\/\/concept-sport.com\/index.php\/wp-json\/wp\/v2\/media?parent=17984"}],"wp:term":[{"taxonomy":"product_brand","embeddable":true,"href":"https:\/\/concept-sport.com\/index.php\/wp-json\/wp\/v2\/product_brand?post=17984"},{"taxonomy":"product_cat","embeddable":true,"href":"https:\/\/concept-sport.com\/index.php\/wp-json\/wp\/v2\/product_cat?post=17984"},{"taxonomy":"product_tag","embeddable":true,"href":"https:\/\/concept-sport.com\/index.php\/wp-json\/wp\/v2\/product_tag?post=17984"}],"curies":[{"name":"wp","href":"https:\/\/api.w.org\/{rel}","templated":true}]}}