{"id":17935,"date":"2025-07-09T17:20:24","date_gmt":"2025-07-09T15:20:24","guid":{"rendered":"https:\/\/concept-sport.com\/?post_type=product&#038;p=17935"},"modified":"2025-07-09T17:20:24","modified_gmt":"2025-07-09T15:20:24","slug":"huawei-watch-gt-5-pro-46mm-montre-connectee-design-aux-lignes-epurees-programmes-dentrainement-de-pointe-suivi-de-la-sante-ecg-jusqua-14-jours-dautonomie-ios-android-noir","status":"publish","type":"product","link":"https:\/\/concept-sport.com\/index.php\/produit\/huawei-watch-gt-5-pro-46mm-montre-connectee-design-aux-lignes-epurees-programmes-dentrainement-de-pointe-suivi-de-la-sante-ecg-jusqua-14-jours-dautonomie-ios-android-noir\/","title":{"rendered":"HUAWEI Watch GT 5 Pro 46mm Montre Connect\u00e9e, Design aux Lignes \u00e9pur\u00e9es, Programmes d&rsquo;entra\u00eenement de Pointe, Suivi de la sant\u00e9, ECG, Jusqu&rsquo;\u00e0 14 Jours d&rsquo;autonomie, iOS&#038; Android, Noir"},"content":{"rendered":"<ul class=\"a-unordered-list a-vertical a-spacing-mini\">\n<li class=\"a-spacing-mini\"><span class=\"a-list-item\">\u3010Des mat\u00e9riaux et des proc\u00e9d\u00e9s de premi\u00e8re qualit\u00e9\u3011: Corps en c\u00e9ramique nanocristalline et L&rsquo;\u00e9cran en verre saphir accentue le c\u00f4t\u00e9 luxueux du design en platine, produisant une grandeur \u00e9tincelante.<\/span><\/li>\n<li class=\"a-spacing-mini\"><span class=\"a-list-item\">\u3010Programmes d&rsquo;entra\u00eenement de pointe\u3011: Sports de haut niveau, golf, plong\u00e9e en apn\u00e9e et trail running,Revivez des courses, des rides et des randonn\u00e9es dans toute leur splendeur et restez sur la bonne voie gr\u00e2ce \u00e0 la navigation au poignet fluide et aux itin\u00e9raires cartographiques en temps r\u00e9el.<\/span><\/li>\n<li class=\"a-spacing-mini\"><span class=\"a-list-item\">\u3010Autonomie de la batterie robuste\u3011: Jusqu&rsquo;\u00e0 14 jours d&rsquo;autonomie max, Jusqu&rsquo;\u00e0 9 jours d&rsquo;autonomie typique.<\/span><\/li>\n<li class=\"a-spacing-mini\"><span class=\"a-list-item\">\u3010Le must en mati\u00e8re de sant\u00e9\u3011: HUAWEI TruSense est d\u00e9sormais capable de surveiller six syst\u00e8mes majeurs, dont les syst\u00e8mes respiratoire, nerveux et de mouvement, afin de rendre la sant\u00e9 num\u00e9rique plus accessible et plus compl\u00e8te pour tous.<\/span><\/li>\n<li class=\"a-spacing-mini\"><span class=\"a-list-item\">\u3010HUAWEI Sant\u00e9+\u3011: Achetez une montre de la s\u00e9rie HUAWEI WATCH GT 5 et b\u00e9n\u00e9ficiez d&rsquo;un abonnement de 3 mois \u00e0 HUAWEI Sant\u00e9+ pour avoir acc\u00e8s \u00e0 une multitude d&rsquo;avantages exclusifs, dont des s\u00e9ances d&rsquo;entra\u00eenement de niveau d\u00e9butant \u00e0 avanc\u00e9, des m\u00e9ditations guid\u00e9es, un plan de remise en forme et des exercices de respiration.<\/span><\/li>\n<\/ul>\n","protected":false},"excerpt":{"rendered":"<p>Style: Watch GT 5<br \/>\nTaille: 46mm<br \/>\nCouleur: Noir<\/p>\n<p>&nbsp;<\/p>\n<table class=\"a-normal a-spacing-micro\">\n<tbody>\n<tr class=\"a-spacing-small po-operating_system\">\n<td class=\"a-span3\"><span class=\"a-size-base a-text-bold\">Syst\u00e8me d&rsquo;exploitation<\/span><\/td>\n<td class=\"a-span9\"><span class=\"a-size-base po-break-word\">HarmonyOS<\/span><\/td>\n<\/tr>\n<tr class=\"a-spacing-small po-memory_storage_capacity\">\n<td class=\"a-span3\"><span class=\"a-size-base a-text-bold\">Capacit\u00e9 de stockage de la m\u00e9moire<\/span><\/td>\n<td class=\"a-span9\"><span class=\"a-size-base po-break-word\">32 Go<\/span><\/td>\n<\/tr>\n<tr class=\"a-spacing-small po-battery.capacity\">\n<td class=\"a-span3\"><span class=\"a-size-base a-text-bold\">Capacit\u00e9 de la batterie<\/span><\/td>\n<td class=\"a-span9\"><span class=\"a-size-base po-break-word\">524 Modificateur inconnu<\/span><\/td>\n<\/tr>\n<tr class=\"a-spacing-small po-connectivity_technology\">\n<td class=\"a-span3\"><span class=\"a-size-base a-text-bold\">Technologie de connectivit\u00e9<\/span><\/td>\n<td class=\"a-span9\"><span class=\"a-size-base po-break-word\">Bluetooth<\/span><\/td>\n<\/tr>\n<tr class=\"a-spacing-small po-wireless_comm_standard\">\n<td class=\"a-span3\"><span class=\"a-size-base a-text-bold\">Norme de communication sans fil<\/span><\/td>\n<td class=\"a-span9\"><span class=\"a-size-base po-break-word\">Bluetooth<\/span><\/td>\n<\/tr>\n<tr class=\"a-spacing-small po-battery.cell_composition\">\n<td class=\"a-span3\"><span class=\"a-size-base a-text-bold\">Composition de la pile<\/span><\/td>\n<td class=\"a-span9\"><span class=\"a-size-base po-break-word\">Lithium-polym\u00e8re<\/span><\/td>\n<\/tr>\n<tr class=\"a-spacing-small po-gps_navigation\">\n<td class=\"a-span3\"><span class=\"a-size-base a-text-bold\">GPS<\/span><\/td>\n<td class=\"a-span9\"><span class=\"a-size-base po-break-word\">GPS int\u00e9gr\u00e9<\/span><\/td>\n<\/tr>\n<tr class=\"a-spacing-small po-item_shape\">\n<td class=\"a-span3\"><span class=\"a-size-base a-text-bold\">Forme<\/span><\/td>\n<td class=\"a-span9\"><span class=\"a-size-base po-break-word\">Ronde<\/span><\/td>\n<\/tr>\n<tr class=\"a-spacing-small po-display.size\">\n<td class=\"a-span3\"><span class=\"a-size-base a-text-bold\">Taille de l&rsquo;\u00e9cran<\/span><\/td>\n<td class=\"a-span9\"><span class=\"a-size-base po-break-word\">46 Millim\u00e8tres<\/span><\/td>\n<\/tr>\n<tr class=\"a-spacing-small po-brand\">\n<td class=\"a-span3\"><span class=\"a-size-base a-text-bold\">Marque<\/span><\/td>\n<td class=\"a-span9\"><span class=\"a-size-base po-break-word\">HUAWEI<\/span><\/td>\n<\/tr>\n<\/tbody>\n<\/table>\n","protected":false},"featured_media":17944,"comment_status":"open","ping_status":"closed","template":"","meta":[],"product_brand":[],"product_cat":[76],"product_tag":[],"class_list":{"0":"post-17935","1":"product","2":"type-product","3":"status-publish","4":"has-post-thumbnail","6":"product_cat-montre-connectee","8":"first","9":"instock","10":"sale","11":"taxable","12":"shipping-taxable","13":"purchasable","14":"product-type-simple"},"yoast_head":"<!-- This site is optimized with the Yoast SEO plugin v24.8.1 - https:\/\/yoast.com\/wordpress\/plugins\/seo\/ -->\n<title>HUAWEI Watch GT 5 Pro 46mm Montre Connect\u00e9e, Design aux Lignes \u00e9pur\u00e9es, Programmes d&#039;entra\u00eenement de Pointe, Suivi de la sant\u00e9, ECG, Jusqu&#039;\u00e0 14 Jours d&#039;autonomie, iOS&amp; Android, Noir - Concept Sport<\/title>\n<meta name=\"robots\" content=\"index, follow, max-snippet:-1, max-image-preview:large, max-video-preview:-1\" \/>\n<link rel=\"canonical\" href=\"https:\/\/concept-sport.com\/index.php\/produit\/huawei-watch-gt-5-pro-46mm-montre-connectee-design-aux-lignes-epurees-programmes-dentrainement-de-pointe-suivi-de-la-sante-ecg-jusqua-14-jours-dautonomie-ios-android-noir\/\" \/>\n<meta property=\"og:locale\" content=\"fr_FR\" \/>\n<meta property=\"og:type\" content=\"article\" \/>\n<meta property=\"og:title\" content=\"HUAWEI Watch GT 5 Pro 46mm Montre Connect\u00e9e, Design aux Lignes \u00e9pur\u00e9es, Programmes d&#039;entra\u00eenement de Pointe, Suivi de la sant\u00e9, ECG, Jusqu&#039;\u00e0 14 Jours d&#039;autonomie, iOS&amp; Android, Noir - Concept Sport\" \/>\n<meta property=\"og:description\" content=\"Style: Watch GT 5 Taille: 46mm Couleur: Noir  &nbsp;    Syst\u00e8me d&#039;exploitation HarmonyOS   Capacit\u00e9 de stockage de la m\u00e9moire 32 Go   Capacit\u00e9 de la batterie 524 Modificateur inconnu   Technologie de connectivit\u00e9 Bluetooth   Norme de communication sans fil Bluetooth   Composition de la pile Lithium-polym\u00e8re   GPS GPS int\u00e9gr\u00e9   Forme Ronde   Taille de l&#039;\u00e9cran 46 Millim\u00e8tres   Marque HUAWEI\" \/>\n<meta property=\"og:url\" content=\"https:\/\/concept-sport.com\/index.php\/produit\/huawei-watch-gt-5-pro-46mm-montre-connectee-design-aux-lignes-epurees-programmes-dentrainement-de-pointe-suivi-de-la-sante-ecg-jusqua-14-jours-dautonomie-ios-android-noir\/\" \/>\n<meta property=\"og:site_name\" content=\"Concept Sport\" \/>\n<meta property=\"og:image\" content=\"https:\/\/concept-sport.com\/wp-content\/uploads\/2025\/07\/81BabF31g8L._AC_SL1500_.jpg\" \/>\n\t<meta property=\"og:image:width\" content=\"1900\" \/>\n\t<meta property=\"og:image:height\" content=\"1980\" \/>\n\t<meta property=\"og:image:type\" content=\"image\/jpeg\" \/>\n<meta name=\"twitter:card\" content=\"summary_large_image\" \/>\n<meta name=\"twitter:label1\" content=\"Dur\u00e9e de lecture estim\u00e9e\" \/>\n\t<meta name=\"twitter:data1\" content=\"2 minutes\" \/>\n<script type=\"application\/ld+json\" class=\"yoast-schema-graph\">{\"@context\":\"https:\/\/schema.org\",\"@graph\":[{\"@type\":\"WebPage\",\"@id\":\"https:\/\/concept-sport.com\/index.php\/produit\/huawei-watch-gt-5-pro-46mm-montre-connectee-design-aux-lignes-epurees-programmes-dentrainement-de-pointe-suivi-de-la-sante-ecg-jusqua-14-jours-dautonomie-ios-android-noir\/\",\"url\":\"https:\/\/concept-sport.com\/index.php\/produit\/huawei-watch-gt-5-pro-46mm-montre-connectee-design-aux-lignes-epurees-programmes-dentrainement-de-pointe-suivi-de-la-sante-ecg-jusqua-14-jours-dautonomie-ios-android-noir\/\",\"name\":\"HUAWEI Watch GT 5 Pro 46mm Montre Connect\u00e9e, Design aux Lignes \u00e9pur\u00e9es, Programmes d'entra\u00eenement de Pointe, Suivi de la sant\u00e9, ECG, Jusqu'\u00e0 14 Jours d'autonomie, iOS& Android, Noir - Concept Sport\",\"isPartOf\":{\"@id\":\"https:\/\/concept-sport.com\/#website\"},\"primaryImageOfPage\":{\"@id\":\"https:\/\/concept-sport.com\/index.php\/produit\/huawei-watch-gt-5-pro-46mm-montre-connectee-design-aux-lignes-epurees-programmes-dentrainement-de-pointe-suivi-de-la-sante-ecg-jusqua-14-jours-dautonomie-ios-android-noir\/#primaryimage\"},\"image\":{\"@id\":\"https:\/\/concept-sport.com\/index.php\/produit\/huawei-watch-gt-5-pro-46mm-montre-connectee-design-aux-lignes-epurees-programmes-dentrainement-de-pointe-suivi-de-la-sante-ecg-jusqua-14-jours-dautonomie-ios-android-noir\/#primaryimage\"},\"thumbnailUrl\":\"https:\/\/concept-sport.com\/wp-content\/uploads\/2025\/07\/81BabF31g8L._AC_SL1500_.jpg\",\"datePublished\":\"2025-07-09T15:20:24+00:00\",\"breadcrumb\":{\"@id\":\"https:\/\/concept-sport.com\/index.php\/produit\/huawei-watch-gt-5-pro-46mm-montre-connectee-design-aux-lignes-epurees-programmes-dentrainement-de-pointe-suivi-de-la-sante-ecg-jusqua-14-jours-dautonomie-ios-android-noir\/#breadcrumb\"},\"inLanguage\":\"fr-FR\",\"potentialAction\":[{\"@type\":\"ReadAction\",\"target\":[\"https:\/\/concept-sport.com\/index.php\/produit\/huawei-watch-gt-5-pro-46mm-montre-connectee-design-aux-lignes-epurees-programmes-dentrainement-de-pointe-suivi-de-la-sante-ecg-jusqua-14-jours-dautonomie-ios-android-noir\/\"]}]},{\"@type\":\"ImageObject\",\"inLanguage\":\"fr-FR\",\"@id\":\"https:\/\/concept-sport.com\/index.php\/produit\/huawei-watch-gt-5-pro-46mm-montre-connectee-design-aux-lignes-epurees-programmes-dentrainement-de-pointe-suivi-de-la-sante-ecg-jusqua-14-jours-dautonomie-ios-android-noir\/#primaryimage\",\"url\":\"https:\/\/concept-sport.com\/wp-content\/uploads\/2025\/07\/81BabF31g8L._AC_SL1500_.jpg\",\"contentUrl\":\"https:\/\/concept-sport.com\/wp-content\/uploads\/2025\/07\/81BabF31g8L._AC_SL1500_.jpg\",\"width\":1900,\"height\":1980},{\"@type\":\"BreadcrumbList\",\"@id\":\"https:\/\/concept-sport.com\/index.php\/produit\/huawei-watch-gt-5-pro-46mm-montre-connectee-design-aux-lignes-epurees-programmes-dentrainement-de-pointe-suivi-de-la-sante-ecg-jusqua-14-jours-dautonomie-ios-android-noir\/#breadcrumb\",\"itemListElement\":[{\"@type\":\"ListItem\",\"position\":1,\"name\":\"Accueil\",\"item\":\"https:\/\/concept-sport.com\/\"},{\"@type\":\"ListItem\",\"position\":2,\"name\":\"Boutique\",\"item\":\"https:\/\/concept-sport.com\/index.php\/boutique\/\"},{\"@type\":\"ListItem\",\"position\":3,\"name\":\"HUAWEI Watch GT 5 Pro 46mm Montre Connect\u00e9e, Design aux Lignes \u00e9pur\u00e9es, Programmes d&rsquo;entra\u00eenement de Pointe, Suivi de la sant\u00e9, ECG, Jusqu&rsquo;\u00e0 14 Jours d&rsquo;autonomie, iOS&#038; Android, Noir\"}]},{\"@type\":\"WebSite\",\"@id\":\"https:\/\/concept-sport.com\/#website\",\"url\":\"https:\/\/concept-sport.com\/\",\"name\":\"Concept Sport\",\"description\":\"Mat\u00e9riel de sport &amp; \u00e9quipement sportif\",\"potentialAction\":[{\"@type\":\"SearchAction\",\"target\":{\"@type\":\"EntryPoint\",\"urlTemplate\":\"https:\/\/concept-sport.com\/?s={search_term_string}\"},\"query-input\":{\"@type\":\"PropertyValueSpecification\",\"valueRequired\":true,\"valueName\":\"search_term_string\"}}],\"inLanguage\":\"fr-FR\"}]}<\/script>\n<!-- \/ Yoast SEO plugin. -->","yoast_head_json":{"title":"HUAWEI Watch GT 5 Pro 46mm Montre Connect\u00e9e, Design aux Lignes \u00e9pur\u00e9es, Programmes d'entra\u00eenement de Pointe, Suivi de la sant\u00e9, ECG, Jusqu'\u00e0 14 Jours d'autonomie, iOS& Android, Noir - Concept Sport","robots":{"index":"index","follow":"follow","max-snippet":"max-snippet:-1","max-image-preview":"max-image-preview:large","max-video-preview":"max-video-preview:-1"},"canonical":"https:\/\/concept-sport.com\/index.php\/produit\/huawei-watch-gt-5-pro-46mm-montre-connectee-design-aux-lignes-epurees-programmes-dentrainement-de-pointe-suivi-de-la-sante-ecg-jusqua-14-jours-dautonomie-ios-android-noir\/","og_locale":"fr_FR","og_type":"article","og_title":"HUAWEI Watch GT 5 Pro 46mm Montre Connect\u00e9e, Design aux Lignes \u00e9pur\u00e9es, Programmes d'entra\u00eenement de Pointe, Suivi de la sant\u00e9, ECG, Jusqu'\u00e0 14 Jours d'autonomie, iOS& Android, Noir - Concept Sport","og_description":"Style: Watch GT 5 Taille: 46mm Couleur: Noir  &nbsp;    Syst\u00e8me d'exploitation HarmonyOS   Capacit\u00e9 de stockage de la m\u00e9moire 32 Go   Capacit\u00e9 de la batterie 524 Modificateur inconnu   Technologie de connectivit\u00e9 Bluetooth   Norme de communication sans fil Bluetooth   Composition de la pile Lithium-polym\u00e8re   GPS GPS int\u00e9gr\u00e9   Forme Ronde   Taille de l'\u00e9cran 46 Millim\u00e8tres   Marque HUAWEI","og_url":"https:\/\/concept-sport.com\/index.php\/produit\/huawei-watch-gt-5-pro-46mm-montre-connectee-design-aux-lignes-epurees-programmes-dentrainement-de-pointe-suivi-de-la-sante-ecg-jusqua-14-jours-dautonomie-ios-android-noir\/","og_site_name":"Concept Sport","og_image":[{"width":1900,"height":1980,"url":"https:\/\/concept-sport.com\/wp-content\/uploads\/2025\/07\/81BabF31g8L._AC_SL1500_.jpg","type":"image\/jpeg"}],"twitter_card":"summary_large_image","twitter_misc":{"Dur\u00e9e de lecture estim\u00e9e":"2 minutes"},"schema":{"@context":"https:\/\/schema.org","@graph":[{"@type":"WebPage","@id":"https:\/\/concept-sport.com\/index.php\/produit\/huawei-watch-gt-5-pro-46mm-montre-connectee-design-aux-lignes-epurees-programmes-dentrainement-de-pointe-suivi-de-la-sante-ecg-jusqua-14-jours-dautonomie-ios-android-noir\/","url":"https:\/\/concept-sport.com\/index.php\/produit\/huawei-watch-gt-5-pro-46mm-montre-connectee-design-aux-lignes-epurees-programmes-dentrainement-de-pointe-suivi-de-la-sante-ecg-jusqua-14-jours-dautonomie-ios-android-noir\/","name":"HUAWEI Watch GT 5 Pro 46mm Montre Connect\u00e9e, Design aux Lignes \u00e9pur\u00e9es, Programmes d'entra\u00eenement de Pointe, Suivi de la sant\u00e9, ECG, Jusqu'\u00e0 14 Jours d'autonomie, iOS& Android, Noir - Concept Sport","isPartOf":{"@id":"https:\/\/concept-sport.com\/#website"},"primaryImageOfPage":{"@id":"https:\/\/concept-sport.com\/index.php\/produit\/huawei-watch-gt-5-pro-46mm-montre-connectee-design-aux-lignes-epurees-programmes-dentrainement-de-pointe-suivi-de-la-sante-ecg-jusqua-14-jours-dautonomie-ios-android-noir\/#primaryimage"},"image":{"@id":"https:\/\/concept-sport.com\/index.php\/produit\/huawei-watch-gt-5-pro-46mm-montre-connectee-design-aux-lignes-epurees-programmes-dentrainement-de-pointe-suivi-de-la-sante-ecg-jusqua-14-jours-dautonomie-ios-android-noir\/#primaryimage"},"thumbnailUrl":"https:\/\/concept-sport.com\/wp-content\/uploads\/2025\/07\/81BabF31g8L._AC_SL1500_.jpg","datePublished":"2025-07-09T15:20:24+00:00","breadcrumb":{"@id":"https:\/\/concept-sport.com\/index.php\/produit\/huawei-watch-gt-5-pro-46mm-montre-connectee-design-aux-lignes-epurees-programmes-dentrainement-de-pointe-suivi-de-la-sante-ecg-jusqua-14-jours-dautonomie-ios-android-noir\/#breadcrumb"},"inLanguage":"fr-FR","potentialAction":[{"@type":"ReadAction","target":["https:\/\/concept-sport.com\/index.php\/produit\/huawei-watch-gt-5-pro-46mm-montre-connectee-design-aux-lignes-epurees-programmes-dentrainement-de-pointe-suivi-de-la-sante-ecg-jusqua-14-jours-dautonomie-ios-android-noir\/"]}]},{"@type":"ImageObject","inLanguage":"fr-FR","@id":"https:\/\/concept-sport.com\/index.php\/produit\/huawei-watch-gt-5-pro-46mm-montre-connectee-design-aux-lignes-epurees-programmes-dentrainement-de-pointe-suivi-de-la-sante-ecg-jusqua-14-jours-dautonomie-ios-android-noir\/#primaryimage","url":"https:\/\/concept-sport.com\/wp-content\/uploads\/2025\/07\/81BabF31g8L._AC_SL1500_.jpg","contentUrl":"https:\/\/concept-sport.com\/wp-content\/uploads\/2025\/07\/81BabF31g8L._AC_SL1500_.jpg","width":1900,"height":1980},{"@type":"BreadcrumbList","@id":"https:\/\/concept-sport.com\/index.php\/produit\/huawei-watch-gt-5-pro-46mm-montre-connectee-design-aux-lignes-epurees-programmes-dentrainement-de-pointe-suivi-de-la-sante-ecg-jusqua-14-jours-dautonomie-ios-android-noir\/#breadcrumb","itemListElement":[{"@type":"ListItem","position":1,"name":"Accueil","item":"https:\/\/concept-sport.com\/"},{"@type":"ListItem","position":2,"name":"Boutique","item":"https:\/\/concept-sport.com\/index.php\/boutique\/"},{"@type":"ListItem","position":3,"name":"HUAWEI Watch GT 5 Pro 46mm Montre Connect\u00e9e, Design aux Lignes \u00e9pur\u00e9es, Programmes d&rsquo;entra\u00eenement de Pointe, Suivi de la sant\u00e9, ECG, Jusqu&rsquo;\u00e0 14 Jours d&rsquo;autonomie, iOS&#038; Android, Noir"}]},{"@type":"WebSite","@id":"https:\/\/concept-sport.com\/#website","url":"https:\/\/concept-sport.com\/","name":"Concept Sport","description":"Mat\u00e9riel de sport &amp; \u00e9quipement sportif","potentialAction":[{"@type":"SearchAction","target":{"@type":"EntryPoint","urlTemplate":"https:\/\/concept-sport.com\/?s={search_term_string}"},"query-input":{"@type":"PropertyValueSpecification","valueRequired":true,"valueName":"search_term_string"}}],"inLanguage":"fr-FR"}]}},"_links":{"self":[{"href":"https:\/\/concept-sport.com\/index.php\/wp-json\/wp\/v2\/product\/17935","targetHints":{"allow":["GET"]}}],"collection":[{"href":"https:\/\/concept-sport.com\/index.php\/wp-json\/wp\/v2\/product"}],"about":[{"href":"https:\/\/concept-sport.com\/index.php\/wp-json\/wp\/v2\/types\/product"}],"replies":[{"embeddable":true,"href":"https:\/\/concept-sport.com\/index.php\/wp-json\/wp\/v2\/comments?post=17935"}],"version-history":[{"count":1,"href":"https:\/\/concept-sport.com\/index.php\/wp-json\/wp\/v2\/product\/17935\/revisions"}],"predecessor-version":[{"id":17945,"href":"https:\/\/concept-sport.com\/index.php\/wp-json\/wp\/v2\/product\/17935\/revisions\/17945"}],"wp:featuredmedia":[{"embeddable":true,"href":"https:\/\/concept-sport.com\/index.php\/wp-json\/wp\/v2\/media\/17944"}],"wp:attachment":[{"href":"https:\/\/concept-sport.com\/index.php\/wp-json\/wp\/v2\/media?parent=17935"}],"wp:term":[{"taxonomy":"product_brand","embeddable":true,"href":"https:\/\/concept-sport.com\/index.php\/wp-json\/wp\/v2\/product_brand?post=17935"},{"taxonomy":"product_cat","embeddable":true,"href":"https:\/\/concept-sport.com\/index.php\/wp-json\/wp\/v2\/product_cat?post=17935"},{"taxonomy":"product_tag","embeddable":true,"href":"https:\/\/concept-sport.com\/index.php\/wp-json\/wp\/v2\/product_tag?post=17935"}],"curies":[{"name":"wp","href":"https:\/\/api.w.org\/{rel}","templated":true}]}}